{"id":712,"date":"2018-01-06T10:41:47","date_gmt":"2018-01-06T10:41:47","guid":{"rendered":"http:\/\/durablade.biz\/product\/sharp-hi-chromium-double-edge-durablade-swiss-quality-razor-blades-t10-b200-p10000-pcs\/"},"modified":"2021-12-07T10:54:01","modified_gmt":"2021-12-07T04:54:01","slug":"sharp-hi-chromium-double-edge-durablade-swiss-quality-razor-blades-t10-b200-p10000-pcs","status":"publish","type":"product","link":"https:\/\/durablade.biz\/sv\/product\/sharp-hi-chromium-double-edge-durablade-swiss-quality-razor-blades-t10-b200-p10000-pcs\/","title":{"rendered":"SHARP HI CHROMIUM DOUBLE EDGE DURABLADE SWISS QUALITY RAZOR BLADES T10 B200 P10000 PCS"},"content":{"rendered":"<p><\/p>\n<div id=\"tw-target-text-container\" class=\"tw-ta-container tw-nfl\">\n<pre id=\"tw-target-text\" class=\"tw-data-text tw-text-large tw-ta\" dir=\"ltr\" data-placeholder=\"Translation\"><span lang=\"sv\" tabindex=\"0\">Skarpt h\u00f6gkrom med rakblad med dubbla kanter speciellt designad f\u00f6r smidig, bekv\u00e4m rakning och s\u00e4kerhet. Dessa h\u00f6gkrombelagda blad \u00e4r n\u00e5gra av de skarpaste p\u00e5 marknaden och passar alla traditionella rakblad med dubbla kanter. Durablade schweiziska kvalitet Skarpa hi-kromblad \u00e4r lindade i ett tunt schweiziskt omslag f\u00f6r att ge en barri\u00e4r mellan bladet och huden. Tillverkad enligt h\u00f6gsta standard och designad f\u00f6r professionell anv\u00e4ndning, kan du f\u00f6rv\u00e4nta dig att de ska ge en n\u00e4rmaste och smidigaste rakning som m\u00f6jligt.<\/span><\/pre>\n<\/div>\n<div id=\"z6maec\" class=\"tw-ta-container tw-nfl\">\n<pre id=\"tw-target-rmn\" class=\"tw-data-placeholder tw-text-small tw-ta\" dir=\"ltr\" data-placeholder=\"\"><\/pre>\n<\/div>\n<p><\/p>","protected":false},"excerpt":{"rendered":"<ul>\n<li>10 individual blades in one box called tuck<\/li>\n<\/ul>\n<ul>\n<li>One saloon pack box contain 10,000 blades<\/li>\n<\/ul>\n<ul>\n<li>Each blade is individually wrapped in airtight Swiss wrapper<\/li>\n<\/ul>\n<ul>\n<li>Hi Chromium coated for high durability<\/li>\n<\/ul>\n<ul>\n<li>Rustproof formula increasing usage<\/li>\n<\/ul>\n<ul>\n<li>Minimum order quantity one carton<\/li>\n<\/ul>\n<ul>\n<li>Blade fits all double-edge razors<\/li>\n<\/ul>\n<ul>\n<li>Made of stainless steel to wear well in a wet environment and resist rust<\/li>\n<\/ul>\n<ul>\n<li>Premium quality blade<\/li>\n<\/ul>\n<ul>\n<li>Saleable in different packaging like 100,200 and 500 blades box and in a master carton contain 10,000 blades<\/li>\n<\/ul>\n<p style=\"text-align: center;\"><a href=\"http:\/\/durablade.biz\/user-registration\/\" target=\"_blank\" rel=\"noopener noreferrer\">Register to Get Discount<\/a><\/p>\n<p style=\"text-align: center;\"><strong>DISCOUNT PER QUANTITY<\/strong><\/p>\n<table style=\"width: 100%;\">\n<tbody>\n<tr>\n<th style=\"text-align: center;\">QTY:<\/th>\n<th style=\"text-align: center;\">2-5<\/th>\n<th style=\"text-align: center;\">6-10<\/th>\n<th style=\"text-align: center;\">11-20<\/th>\n<th style=\"text-align: center;\">21-30<\/th>\n<th style=\"text-align: center;\">31-40<\/th>\n<th style=\"text-align: center;\">41-50<\/th>\n<th style=\"text-align: center;\">51-100<\/th>\n<th style=\"text-align: center;\">101-200<\/th>\n<th style=\"text-align: center;\">201-300<\/th>\n<th style=\"text-align: center;\">301-400<\/th>\n<th style=\"text-align: center;\">401-500<\/th>\n<th style=\"text-align: center;\">501-600<\/th>\n<\/tr>\n<tr>\n<td style=\"text-align: center;\"><strong>\u00a0DIS:<\/strong><\/td>\n<td style=\"text-align: center;\">20%<\/td>\n<td style=\"text-align: center;\">24%<\/td>\n<td style=\"text-align: center;\">28%<\/td>\n<td style=\"text-align: center;\">32%<\/td>\n<td style=\"text-align: center;\">36%<\/td>\n<td style=\"text-align: center;\">40%<\/td>\n<td style=\"text-align: center;\">44%<\/td>\n<td style=\"text-align: center;\">48%<\/td>\n<td style=\"text-align: center;\">52%<\/td>\n<td style=\"text-align: center;\">56%<\/td>\n<td style=\"text-align: center;\">60%<\/td>\n<td style=\"text-align: center;\">61%<\/td>\n<\/tr>\n<\/tbody>\n<\/table>\n","protected":false},"featured_media":1746,"comment_status":"open","ping_status":"closed","template":"","meta":[],"product_brand":[],"product_cat":[60,135,64],"product_tag":[],"class_list":{"0":"post-712","1":"product","2":"type-product","3":"status-publish","4":"has-post-thumbnail","6":"product_cat-hi-chromium","7":"product_cat-sharp-ti","8":"product_cat-sharp-hc-de-chq-t10-b200","9":"pa_double-edge-blade-double-edge-blade","10":"pa_double-edge-blade-master-carton","12":"first","13":"instock","14":"shipping-taxable","15":"purchasable","16":"product-type-simple"},"yoast_head":"<!-- This site is optimized with the Yoast SEO plugin v24.4 - https:\/\/yoast.com\/wordpress\/plugins\/seo\/ -->\n<title>SHARP HI CHROMIUM DOUBLE EDGE DURABLADE SWISS QUALITY RAZOR BLADES T10 B200 P10000 PCS - Durablade double edge razor blade<\/title>\n<meta name=\"description\" content=\"Sharp Hi Chromium double edge razor blades is premium quality shaving blade. This blades is specially made for multiple shave and professional barber.\" \/>\n<meta name=\"robots\" content=\"index, follow, max-snippet:-1, max-image-preview:large, max-video-preview:-1\" \/>\n<link rel=\"canonical\" href=\"https:\/\/durablade.biz\/product\/sharp-hi-chromium-double-edge-durablade-swiss-quality-razor-blades-t10-b200-p10000-pcs\/\" \/>\n<meta property=\"og:locale\" content=\"sv_SE\" \/>\n<meta property=\"og:type\" content=\"article\" \/>\n<meta property=\"og:title\" content=\"SHARP HI CHROMIUM DOUBLE EDGE DURABLADE SWISS QUALITY RAZOR BLADES T10 B200 P10000 PCS - Durablade double edge razor blade\" \/>\n<meta property=\"og:description\" content=\"Sharp Hi Chromium double edge razor blades is premium quality shaving blade. This blades is specially made for multiple shave and professional barber.\" \/>\n<meta property=\"og:url\" content=\"https:\/\/durablade.biz\/product\/sharp-hi-chromium-double-edge-durablade-swiss-quality-razor-blades-t10-b200-p10000-pcs\/\" \/>\n<meta property=\"og:site_name\" content=\"Durablade double edge razor blade\" \/>\n<meta property=\"article:publisher\" content=\"https:\/\/www.facebook.com\/durablade\" \/>\n<meta property=\"article:modified_time\" content=\"2021-12-07T04:54:01+00:00\" \/>\n<meta property=\"og:image\" content=\"https:\/\/durablade.biz\/wp-content\/uploads\/2019\/05\/SHARP-HC-DE-CHQ-T10-B200-MC10K.jpg\" \/>\n\t<meta property=\"og:image:width\" content=\"500\" \/>\n\t<meta property=\"og:image:height\" content=\"500\" \/>\n\t<meta property=\"og:image:type\" content=\"image\/jpeg\" \/>\n<meta name=\"twitter:card\" content=\"summary_large_image\" \/>\n<meta name=\"twitter:site\" content=\"@durablade\" \/>\n<meta name=\"twitter:label1\" content=\"Ber\u00e4knad l\u00e4stid\" \/>\n\t<meta name=\"twitter:data1\" content=\"4 minuter\" \/>\n<script type=\"application\/ld+json\" class=\"yoast-schema-graph\">{\"@context\":\"https:\/\/schema.org\",\"@graph\":[{\"@type\":\"WebPage\",\"@id\":\"https:\/\/durablade.biz\/product\/sharp-hi-chromium-double-edge-durablade-swiss-quality-razor-blades-t10-b200-p10000-pcs\/\",\"url\":\"https:\/\/durablade.biz\/product\/sharp-hi-chromium-double-edge-durablade-swiss-quality-razor-blades-t10-b200-p10000-pcs\/\",\"name\":\"SHARP HI CHROMIUM DOUBLE EDGE DURABLADE SWISS QUALITY RAZOR BLADES T10 B200 P10000 PCS - Durablade double edge razor blade\",\"isPartOf\":{\"@id\":\"https:\/\/durablade.biz\/pb\/#website\"},\"primaryImageOfPage\":{\"@id\":\"https:\/\/durablade.biz\/product\/sharp-hi-chromium-double-edge-durablade-swiss-quality-razor-blades-t10-b200-p10000-pcs\/#primaryimage\"},\"image\":{\"@id\":\"https:\/\/durablade.biz\/product\/sharp-hi-chromium-double-edge-durablade-swiss-quality-razor-blades-t10-b200-p10000-pcs\/#primaryimage\"},\"thumbnailUrl\":\"https:\/\/durablade.biz\/wp-content\/uploads\/2019\/05\/SHARP-HC-DE-CHQ-T10-B200-MC10K.jpg\",\"datePublished\":\"2018-01-06T10:41:47+00:00\",\"dateModified\":\"2021-12-07T04:54:01+00:00\",\"description\":\"Sharp Hi Chromium double edge razor blades is premium quality shaving blade. This blades is specially made for multiple shave and professional barber.\",\"breadcrumb\":{\"@id\":\"https:\/\/durablade.biz\/product\/sharp-hi-chromium-double-edge-durablade-swiss-quality-razor-blades-t10-b200-p10000-pcs\/#breadcrumb\"},\"inLanguage\":\"sv-SE\",\"potentialAction\":[{\"@type\":\"ReadAction\",\"target\":[\"https:\/\/durablade.biz\/product\/sharp-hi-chromium-double-edge-durablade-swiss-quality-razor-blades-t10-b200-p10000-pcs\/\"]}]},{\"@type\":\"ImageObject\",\"inLanguage\":\"sv-SE\",\"@id\":\"https:\/\/durablade.biz\/product\/sharp-hi-chromium-double-edge-durablade-swiss-quality-razor-blades-t10-b200-p10000-pcs\/#primaryimage\",\"url\":\"https:\/\/durablade.biz\/wp-content\/uploads\/2019\/05\/SHARP-HC-DE-CHQ-T10-B200-MC10K.jpg\",\"contentUrl\":\"https:\/\/durablade.biz\/wp-content\/uploads\/2019\/05\/SHARP-HC-DE-CHQ-T10-B200-MC10K.jpg\",\"width\":500,\"height\":500,\"caption\":\"SHARP HI CHROMIUM DOUBLE EDGE DURABLADE SWISS QUALITY RAZOR BLADES T10 B200 P10000 PCS\"},{\"@type\":\"BreadcrumbList\",\"@id\":\"https:\/\/durablade.biz\/product\/sharp-hi-chromium-double-edge-durablade-swiss-quality-razor-blades-t10-b200-p10000-pcs\/#breadcrumb\",\"itemListElement\":[{\"@type\":\"ListItem\",\"position\":1,\"name\":\"Home\",\"item\":\"https:\/\/durablade.biz\/\"},{\"@type\":\"ListItem\",\"position\":2,\"name\":\"Shop\",\"item\":\"https:\/\/durablade.biz\/pb\/shop\/\"},{\"@type\":\"ListItem\",\"position\":3,\"name\":\"SHARP HI CHROMIUM DOUBLE EDGE DURABLADE SWISS QUALITY RAZOR BLADES T10 B200 P10000 PCS\"}]},{\"@type\":\"WebSite\",\"@id\":\"https:\/\/durablade.biz\/pb\/#website\",\"url\":\"https:\/\/durablade.biz\/pb\/\",\"name\":\"Durablade double edge razor blade\",\"description\":\"Professional shaving blades\",\"potentialAction\":[{\"@type\":\"SearchAction\",\"target\":{\"@type\":\"EntryPoint\",\"urlTemplate\":\"https:\/\/durablade.biz\/pb\/?s={search_term_string}\"},\"query-input\":{\"@type\":\"PropertyValueSpecification\",\"valueRequired\":true,\"valueName\":\"search_term_string\"}}],\"inLanguage\":\"sv-SE\"}]}<\/script>\n<!-- \/ Yoast SEO plugin. -->","yoast_head_json":{"title":"SHARP HI CHROMIUM DOUBLE EDGE DURABLADE SWISS QUALITY RAZOR BLADES T10 B200 P10000 PCS - Durablade double edge razor blade","description":"Sharp Hi Chromium double edge razor blades is premium quality shaving blade. This blades is specially made for multiple shave and professional barber.","robots":{"index":"index","follow":"follow","max-snippet":"max-snippet:-1","max-image-preview":"max-image-preview:large","max-video-preview":"max-video-preview:-1"},"canonical":"https:\/\/durablade.biz\/product\/sharp-hi-chromium-double-edge-durablade-swiss-quality-razor-blades-t10-b200-p10000-pcs\/","og_locale":"sv_SE","og_type":"article","og_title":"SHARP HI CHROMIUM DOUBLE EDGE DURABLADE SWISS QUALITY RAZOR BLADES T10 B200 P10000 PCS - Durablade double edge razor blade","og_description":"Sharp Hi Chromium double edge razor blades is premium quality shaving blade. This blades is specially made for multiple shave and professional barber.","og_url":"https:\/\/durablade.biz\/product\/sharp-hi-chromium-double-edge-durablade-swiss-quality-razor-blades-t10-b200-p10000-pcs\/","og_site_name":"Durablade double edge razor blade","article_publisher":"https:\/\/www.facebook.com\/durablade","article_modified_time":"2021-12-07T04:54:01+00:00","og_image":[{"width":500,"height":500,"url":"https:\/\/durablade.biz\/wp-content\/uploads\/2019\/05\/SHARP-HC-DE-CHQ-T10-B200-MC10K.jpg","type":"image\/jpeg"}],"twitter_card":"summary_large_image","twitter_site":"@durablade","twitter_misc":{"Ber\u00e4knad l\u00e4stid":"4 minuter"},"schema":{"@context":"https:\/\/schema.org","@graph":[{"@type":"WebPage","@id":"https:\/\/durablade.biz\/product\/sharp-hi-chromium-double-edge-durablade-swiss-quality-razor-blades-t10-b200-p10000-pcs\/","url":"https:\/\/durablade.biz\/product\/sharp-hi-chromium-double-edge-durablade-swiss-quality-razor-blades-t10-b200-p10000-pcs\/","name":"SHARP HI CHROMIUM DOUBLE EDGE DURABLADE SWISS QUALITY RAZOR BLADES T10 B200 P10000 PCS - Durablade double edge razor blade","isPartOf":{"@id":"https:\/\/durablade.biz\/pb\/#website"},"primaryImageOfPage":{"@id":"https:\/\/durablade.biz\/product\/sharp-hi-chromium-double-edge-durablade-swiss-quality-razor-blades-t10-b200-p10000-pcs\/#primaryimage"},"image":{"@id":"https:\/\/durablade.biz\/product\/sharp-hi-chromium-double-edge-durablade-swiss-quality-razor-blades-t10-b200-p10000-pcs\/#primaryimage"},"thumbnailUrl":"https:\/\/durablade.biz\/wp-content\/uploads\/2019\/05\/SHARP-HC-DE-CHQ-T10-B200-MC10K.jpg","datePublished":"2018-01-06T10:41:47+00:00","dateModified":"2021-12-07T04:54:01+00:00","description":"Sharp Hi Chromium double edge razor blades is premium quality shaving blade. This blades is specially made for multiple shave and professional barber.","breadcrumb":{"@id":"https:\/\/durablade.biz\/product\/sharp-hi-chromium-double-edge-durablade-swiss-quality-razor-blades-t10-b200-p10000-pcs\/#breadcrumb"},"inLanguage":"sv-SE","potentialAction":[{"@type":"ReadAction","target":["https:\/\/durablade.biz\/product\/sharp-hi-chromium-double-edge-durablade-swiss-quality-razor-blades-t10-b200-p10000-pcs\/"]}]},{"@type":"ImageObject","inLanguage":"sv-SE","@id":"https:\/\/durablade.biz\/product\/sharp-hi-chromium-double-edge-durablade-swiss-quality-razor-blades-t10-b200-p10000-pcs\/#primaryimage","url":"https:\/\/durablade.biz\/wp-content\/uploads\/2019\/05\/SHARP-HC-DE-CHQ-T10-B200-MC10K.jpg","contentUrl":"https:\/\/durablade.biz\/wp-content\/uploads\/2019\/05\/SHARP-HC-DE-CHQ-T10-B200-MC10K.jpg","width":500,"height":500,"caption":"SHARP HI CHROMIUM DOUBLE EDGE DURABLADE SWISS QUALITY RAZOR BLADES T10 B200 P10000 PCS"},{"@type":"BreadcrumbList","@id":"https:\/\/durablade.biz\/product\/sharp-hi-chromium-double-edge-durablade-swiss-quality-razor-blades-t10-b200-p10000-pcs\/#breadcrumb","itemListElement":[{"@type":"ListItem","position":1,"name":"Home","item":"https:\/\/durablade.biz\/"},{"@type":"ListItem","position":2,"name":"Shop","item":"https:\/\/durablade.biz\/pb\/shop\/"},{"@type":"ListItem","position":3,"name":"SHARP HI CHROMIUM DOUBLE EDGE DURABLADE SWISS QUALITY RAZOR BLADES T10 B200 P10000 PCS"}]},{"@type":"WebSite","@id":"https:\/\/durablade.biz\/pb\/#website","url":"https:\/\/durablade.biz\/pb\/","name":"Durablade double edge razor blade","description":"Professional shaving blades","potentialAction":[{"@type":"SearchAction","target":{"@type":"EntryPoint","urlTemplate":"https:\/\/durablade.biz\/pb\/?s={search_term_string}"},"query-input":{"@type":"PropertyValueSpecification","valueRequired":true,"valueName":"search_term_string"}}],"inLanguage":"sv-SE"}]}},"_links":{"self":[{"href":"https:\/\/durablade.biz\/sv\/wp-json\/wp\/v2\/product\/712","targetHints":{"allow":["GET"]}}],"collection":[{"href":"https:\/\/durablade.biz\/sv\/wp-json\/wp\/v2\/product"}],"about":[{"href":"https:\/\/durablade.biz\/sv\/wp-json\/wp\/v2\/types\/product"}],"replies":[{"embeddable":true,"href":"https:\/\/durablade.biz\/sv\/wp-json\/wp\/v2\/comments?post=712"}],"wp:featuredmedia":[{"embeddable":true,"href":"https:\/\/durablade.biz\/sv\/wp-json\/wp\/v2\/media\/1746"}],"wp:attachment":[{"href":"https:\/\/durablade.biz\/sv\/wp-json\/wp\/v2\/media?parent=712"}],"wp:term":[{"taxonomy":"product_brand","embeddable":true,"href":"https:\/\/durablade.biz\/sv\/wp-json\/wp\/v2\/product_brand?post=712"},{"taxonomy":"product_cat","embeddable":true,"href":"https:\/\/durablade.biz\/sv\/wp-json\/wp\/v2\/product_cat?post=712"},{"taxonomy":"product_tag","embeddable":true,"href":"https:\/\/durablade.biz\/sv\/wp-json\/wp\/v2\/product_tag?post=712"}],"curies":[{"name":"wp","href":"https:\/\/api.w.org\/{rel}","templated":true}]}}