{"id":2831,"date":"2019-05-15T07:30:31","date_gmt":"2019-05-15T06:30:31","guid":{"rendered":"http:\/\/durablade.biz\/?page_id=2831"},"modified":"2019-05-15T07:30:31","modified_gmt":"2019-05-15T06:30:31","slug":"bangla-sharp","status":"publish","type":"page","link":"https:\/\/durablade.biz\/sv\/bangla-sharp\/","title":{"rendered":"(Bangla) Sharp"},"content":{"rendered":"<p class=\"qtranxs-available-languages-message qtranxs-available-languages-message-sv\">Tyv\u00e4rr \u00e4r denna artikel enbart tillg\u00e4nglig p\u00e5 <a href=\"https:\/\/durablade.biz\/bd\/wp-json\/wp\/v2\/pages\/2831\" class=\"qtranxs-available-language-link qtranxs-available-language-link-bd\" title=\"Bangla\">Bangla<\/a>.<\/p>\n","protected":false},"excerpt":{"rendered":"<p>Tyv\u00e4rr \u00e4r denna artikel enbart tillg\u00e4nglig p\u00e5 Bangla.<\/p>\n","protected":false},"author":1,"featured_media":0,"parent":0,"menu_order":0,"comment_status":"closed","ping_status":"closed","template":"","meta":{"footnotes":""},"class_list":["post-2831","page","type-page","status-publish","hentry"],"yoast_head":"<!-- This site is optimized with the Yoast SEO plugin v24.4 - https:\/\/yoast.com\/wordpress\/plugins\/seo\/ -->\n<title>(Bangla) Sharp - Durablade double edge razor blade<\/title>\n<meta name=\"robots\" content=\"index, follow, max-snippet:-1, max-image-preview:large, max-video-preview:-1\" \/>\n<link rel=\"canonical\" href=\"https:\/\/durablade.biz\/bd\/bangla-sharp\/\" \/>\n<meta property=\"og:locale\" content=\"sv_SE\" \/>\n<meta property=\"og:type\" content=\"article\" \/>\n<meta property=\"og:title\" content=\"(Bangla) Sharp - Durablade double edge razor blade\" \/>\n<meta property=\"og:url\" content=\"https:\/\/durablade.biz\/bd\/bangla-sharp\/\" \/>\n<meta property=\"og:site_name\" content=\"Durablade double edge razor blade\" \/>\n<meta property=\"article:publisher\" content=\"https:\/\/www.facebook.com\/durablade\" \/>\n<meta name=\"twitter:card\" content=\"summary_large_image\" \/>\n<meta name=\"twitter:site\" content=\"@durablade\" \/>\n<script type=\"application\/ld+json\" class=\"yoast-schema-graph\">{\"@context\":\"https:\/\/schema.org\",\"@graph\":[{\"@type\":\"WebPage\",\"@id\":\"https:\/\/durablade.biz\/bd\/bangla-sharp\/\",\"url\":\"https:\/\/durablade.biz\/bd\/bangla-sharp\/\",\"name\":\"(Bangla) Sharp - Durablade double edge razor blade\",\"isPartOf\":{\"@id\":\"https:\/\/durablade.biz\/pb\/#website\"},\"datePublished\":\"2019-05-15T06:30:31+00:00\",\"breadcrumb\":{\"@id\":\"https:\/\/durablade.biz\/bd\/bangla-sharp\/#breadcrumb\"},\"inLanguage\":\"sv-SE\",\"potentialAction\":[{\"@type\":\"ReadAction\",\"target\":[\"https:\/\/durablade.biz\/bd\/bangla-sharp\/\"]}]},{\"@type\":\"BreadcrumbList\",\"@id\":\"https:\/\/durablade.biz\/bd\/bangla-sharp\/#breadcrumb\",\"itemListElement\":[{\"@type\":\"ListItem\",\"position\":1,\"name\":\"Home\",\"item\":\"https:\/\/durablade.biz\/\"},{\"@type\":\"ListItem\",\"position\":2,\"name\":\"Sharp\"}]},{\"@type\":\"WebSite\",\"@id\":\"https:\/\/durablade.biz\/pb\/#website\",\"url\":\"https:\/\/durablade.biz\/pb\/\",\"name\":\"Durablade double edge razor blade\",\"description\":\"Professional shaving blades\",\"potentialAction\":[{\"@type\":\"SearchAction\",\"target\":{\"@type\":\"EntryPoint\",\"urlTemplate\":\"https:\/\/durablade.biz\/pb\/?s={search_term_string}\"},\"query-input\":{\"@type\":\"PropertyValueSpecification\",\"valueRequired\":true,\"valueName\":\"search_term_string\"}}],\"inLanguage\":\"sv-SE\"}]}<\/script>\n<!-- \/ Yoast SEO plugin. -->","yoast_head_json":{"title":"(Bangla) Sharp - Durablade double edge razor blade","robots":{"index":"index","follow":"follow","max-snippet":"max-snippet:-1","max-image-preview":"max-image-preview:large","max-video-preview":"max-video-preview:-1"},"canonical":"https:\/\/durablade.biz\/bd\/bangla-sharp\/","og_locale":"sv_SE","og_type":"article","og_title":"(Bangla) Sharp - Durablade double edge razor blade","og_url":"https:\/\/durablade.biz\/bd\/bangla-sharp\/","og_site_name":"Durablade double edge razor blade","article_publisher":"https:\/\/www.facebook.com\/durablade","twitter_card":"summary_large_image","twitter_site":"@durablade","schema":{"@context":"https:\/\/schema.org","@graph":[{"@type":"WebPage","@id":"https:\/\/durablade.biz\/bd\/bangla-sharp\/","url":"https:\/\/durablade.biz\/bd\/bangla-sharp\/","name":"(Bangla) Sharp - Durablade double edge razor blade","isPartOf":{"@id":"https:\/\/durablade.biz\/pb\/#website"},"datePublished":"2019-05-15T06:30:31+00:00","breadcrumb":{"@id":"https:\/\/durablade.biz\/bd\/bangla-sharp\/#breadcrumb"},"inLanguage":"sv-SE","potentialAction":[{"@type":"ReadAction","target":["https:\/\/durablade.biz\/bd\/bangla-sharp\/"]}]},{"@type":"BreadcrumbList","@id":"https:\/\/durablade.biz\/bd\/bangla-sharp\/#breadcrumb","itemListElement":[{"@type":"ListItem","position":1,"name":"Home","item":"https:\/\/durablade.biz\/"},{"@type":"ListItem","position":2,"name":"Sharp"}]},{"@type":"WebSite","@id":"https:\/\/durablade.biz\/pb\/#website","url":"https:\/\/durablade.biz\/pb\/","name":"Durablade double edge razor blade","description":"Professional shaving blades","potentialAction":[{"@type":"SearchAction","target":{"@type":"EntryPoint","urlTemplate":"https:\/\/durablade.biz\/pb\/?s={search_term_string}"},"query-input":{"@type":"PropertyValueSpecification","valueRequired":true,"valueName":"search_term_string"}}],"inLanguage":"sv-SE"}]}},"_links":{"self":[{"href":"https:\/\/durablade.biz\/sv\/wp-json\/wp\/v2\/pages\/2831","targetHints":{"allow":["GET"]}}],"collection":[{"href":"https:\/\/durablade.biz\/sv\/wp-json\/wp\/v2\/pages"}],"about":[{"href":"https:\/\/durablade.biz\/sv\/wp-json\/wp\/v2\/types\/page"}],"author":[{"embeddable":true,"href":"https:\/\/durablade.biz\/sv\/wp-json\/wp\/v2\/users\/1"}],"replies":[{"embeddable":true,"href":"https:\/\/durablade.biz\/sv\/wp-json\/wp\/v2\/comments?post=2831"}],"version-history":[{"count":1,"href":"https:\/\/durablade.biz\/sv\/wp-json\/wp\/v2\/pages\/2831\/revisions"}],"predecessor-version":[{"id":2832,"href":"https:\/\/durablade.biz\/sv\/wp-json\/wp\/v2\/pages\/2831\/revisions\/2832"}],"wp:attachment":[{"href":"https:\/\/durablade.biz\/sv\/wp-json\/wp\/v2\/media?parent=2831"}],"curies":[{"name":"wp","href":"https:\/\/api.w.org\/{rel}","templated":true}]}}