{"id":700,"date":"2018-01-06T10:21:58","date_gmt":"2018-01-06T10:21:58","guid":{"rendered":"http:\/\/durablade.biz\/product\/sharp-hi-chromium-double-edge-durablade-swiss-quality-razor-blades-t5-b100-p10000-pcs\/"},"modified":"2021-12-07T11:58:13","modified_gmt":"2021-12-07T05:58:13","slug":"sharp-hi-chromium-double-edge-durablade-swiss-quality-razor-blades-t5-b100-p10000-pcs","status":"publish","type":"product","link":"https:\/\/durablade.biz\/fr\/product\/sharp-hi-chromium-double-edge-durablade-swiss-quality-razor-blades-t5-b100-p10000-pcs\/","title":{"rendered":"SHARP HI CHROMIUM DOUBLE EDGE DURABLADE SWISS QUALITY RAZOR BLADES T5 B100 P10,000 PCS"},"content":{"rendered":"<p><\/p>\n<div class=\"QmZWSe\">\n<div class=\"DHcWmd\"><\/div>\n<\/div>\n<div class=\"oSioSc\">\n<div id=\"tw-target\">\n<div id=\"kAz1tf\" class=\"g9WsWb\">\n<div id=\"tw-target-text-container\" class=\"tw-ta-container tw-nfl\">\n<pre id=\"tw-target-text\" class=\"tw-data-text tw-text-large tw-ta\" dir=\"ltr\" data-placeholder=\"Translation\"><span lang=\"fr\" tabindex=\"0\">Lame de rasoir Sharp \u00e0 double tranchant chrome, sp\u00e9cialement con\u00e7ue pour un rasage doux et confortable ainsi que pour la s\u00e9curit\u00e9. Ces lames recouvertes de chrome sont parmi les plus tranchantes du march\u00e9 et conviendront \u00e0 tous les rasoirs traditionnels \u00e0 double tranchant. Les lames Sharp hi chrome de qualit\u00e9 Swiss de Durablade sont envelopp\u00e9es dans une fine enveloppe suisse afin de cr\u00e9er une barri\u00e8re entre la lame et la peau. Fabriqu\u00e9s selon les normes les plus strictes et con\u00e7us pour un usage professionnel, vous pouvez vous attendre \u00e0 ce qu'ils offrent le rasage le plus proche et le plus doux possible.<\/span><\/pre>\n<\/div>\n<div id=\"z6maec\" class=\"tw-ta-container tw-nfl\">\n<pre id=\"tw-target-rmn\" class=\"tw-data-placeholder tw-text-small tw-ta\" dir=\"ltr\" data-placeholder=\"\"><\/pre>\n<\/div>\n<\/div>\n<\/div>\n<\/div>\n<p><\/p>","protected":false},"excerpt":{"rendered":"<p class=\"qtranxs-available-languages-message qtranxs-available-languages-message-fr\">D\u00e9sol\u00e9, cet article est seulement disponible en <a href=\"https:\/\/durablade.biz\/en\/wp-json\/wp\/v2\/product\/700\" class=\"qtranxs-available-language-link qtranxs-available-language-link-en\" title=\"English\">English<\/a>, <a href=\"https:\/\/durablade.biz\/de\/wp-json\/wp\/v2\/product\/700\" class=\"qtranxs-available-language-link qtranxs-available-language-link-de\" title=\"Deutsch\">Deutsch<\/a>, <a href=\"https:\/\/durablade.biz\/sv\/wp-json\/wp\/v2\/product\/700\" class=\"qtranxs-available-language-link qtranxs-available-language-link-sv\" title=\"Svenska\">Svenska<\/a>, <a href=\"https:\/\/durablade.biz\/it\/wp-json\/wp\/v2\/product\/700\" class=\"qtranxs-available-language-link qtranxs-available-language-link-it\" title=\"Italiano\">Italiano<\/a>, <a href=\"https:\/\/durablade.biz\/es\/wp-json\/wp\/v2\/product\/700\" class=\"qtranxs-available-language-link qtranxs-available-language-link-es\" title=\"Espa\u00f1ol\">Espa\u00f1ol<\/a>, <a href=\"https:\/\/durablade.biz\/ar\/wp-json\/wp\/v2\/product\/700\" class=\"qtranxs-available-language-link qtranxs-available-language-link-ar\" title=\"\u0627\u0644\u0639\u0631\u0628\u064a\u0629\">\u0627\u0644\u0639\u0631\u0628\u064a\u0629<\/a>, <a href=\"https:\/\/durablade.biz\/pb\/wp-json\/wp\/v2\/product\/700\" class=\"qtranxs-available-language-link qtranxs-available-language-link-pb\" title=\"Portugu\u00eas do Brasil\">Portugu\u00eas do Brasil<\/a>, <a href=\"https:\/\/durablade.biz\/bd\/wp-json\/wp\/v2\/product\/700\" class=\"qtranxs-available-language-link qtranxs-available-language-link-bd\" title=\"Bangla\">Bangla<\/a> et <a href=\"https:\/\/durablade.biz\/th\/wp-json\/wp\/v2\/product\/700\" class=\"qtranxs-available-language-link qtranxs-available-language-link-th\" title=\"Thai\">Thai<\/a>.<\/p>\n","protected":false},"featured_media":1722,"comment_status":"open","ping_status":"closed","template":"","meta":[],"product_brand":[],"product_cat":[60,135,61],"product_tag":[],"class_list":{"0":"post-700","1":"product","2":"type-product","3":"status-publish","4":"has-post-thumbnail","6":"product_cat-hi-chromium","7":"product_cat-sharp-ti","8":"product_cat-sharp-hc-de-chq-t5-b100","9":"pa_double-edge-blade-double-edge-blade","10":"pa_double-edge-blade-master-carton","12":"first","13":"instock","14":"shipping-taxable","15":"purchasable","16":"product-type-simple"},"yoast_head":"<!-- This site is optimized with the Yoast SEO plugin v24.4 - https:\/\/yoast.com\/wordpress\/plugins\/seo\/ -->\n<title>SHARP HI CHROMIUM DOUBLE EDGE DURABLADE SWISS QUALITY RAZOR BLADES T5 B100 P10,000 PCS - Durablade double edge razor blade<\/title>\n<meta name=\"description\" content=\"Sharp Hi Chromium double edge razor blades is premium quality shaving blade. This blades is specially made for multiple shave and professional barber.\" \/>\n<meta name=\"robots\" content=\"index, follow, max-snippet:-1, max-image-preview:large, max-video-preview:-1\" \/>\n<link rel=\"canonical\" href=\"https:\/\/durablade.biz\/product\/sharp-hi-chromium-double-edge-durablade-swiss-quality-razor-blades-t5-b100-p10000-pcs\/\" \/>\n<meta property=\"og:locale\" content=\"fr_FR\" \/>\n<meta property=\"og:type\" content=\"article\" \/>\n<meta property=\"og:title\" content=\"SHARP HI CHROMIUM DOUBLE EDGE DURABLADE SWISS QUALITY RAZOR BLADES T5 B100 P10,000 PCS - Durablade double edge razor blade\" \/>\n<meta property=\"og:description\" content=\"Sharp Hi Chromium double edge razor blades is premium quality shaving blade. This blades is specially made for multiple shave and professional barber.\" \/>\n<meta property=\"og:url\" content=\"https:\/\/durablade.biz\/product\/sharp-hi-chromium-double-edge-durablade-swiss-quality-razor-blades-t5-b100-p10000-pcs\/\" \/>\n<meta property=\"og:site_name\" content=\"Durablade double edge razor blade\" \/>\n<meta property=\"article:publisher\" content=\"https:\/\/www.facebook.com\/durablade\" \/>\n<meta property=\"article:modified_time\" content=\"2021-12-07T05:58:13+00:00\" \/>\n<meta property=\"og:image\" content=\"https:\/\/durablade.biz\/wp-content\/uploads\/2019\/05\/SHARP-HC-DE-CHQ-T5-B100-MC10K.jpg\" \/>\n\t<meta property=\"og:image:width\" content=\"500\" \/>\n\t<meta property=\"og:image:height\" content=\"500\" \/>\n\t<meta property=\"og:image:type\" content=\"image\/jpeg\" \/>\n<meta name=\"twitter:card\" content=\"summary_large_image\" \/>\n<meta name=\"twitter:site\" content=\"@durablade\" \/>\n<meta name=\"twitter:label1\" content=\"Dur\u00e9e de lecture estim\u00e9e\" \/>\n\t<meta name=\"twitter:data1\" content=\"4 minutes\" \/>\n<script type=\"application\/ld+json\" class=\"yoast-schema-graph\">{\"@context\":\"https:\/\/schema.org\",\"@graph\":[{\"@type\":\"WebPage\",\"@id\":\"https:\/\/durablade.biz\/product\/sharp-hi-chromium-double-edge-durablade-swiss-quality-razor-blades-t5-b100-p10000-pcs\/\",\"url\":\"https:\/\/durablade.biz\/product\/sharp-hi-chromium-double-edge-durablade-swiss-quality-razor-blades-t5-b100-p10000-pcs\/\",\"name\":\"SHARP HI CHROMIUM DOUBLE EDGE DURABLADE SWISS QUALITY RAZOR BLADES T5 B100 P10,000 PCS - Durablade double edge razor blade\",\"isPartOf\":{\"@id\":\"https:\/\/durablade.biz\/pb\/#website\"},\"primaryImageOfPage\":{\"@id\":\"https:\/\/durablade.biz\/product\/sharp-hi-chromium-double-edge-durablade-swiss-quality-razor-blades-t5-b100-p10000-pcs\/#primaryimage\"},\"image\":{\"@id\":\"https:\/\/durablade.biz\/product\/sharp-hi-chromium-double-edge-durablade-swiss-quality-razor-blades-t5-b100-p10000-pcs\/#primaryimage\"},\"thumbnailUrl\":\"https:\/\/durablade.biz\/wp-content\/uploads\/2019\/05\/SHARP-HC-DE-CHQ-T5-B100-MC10K.jpg\",\"datePublished\":\"2018-01-06T10:21:58+00:00\",\"dateModified\":\"2021-12-07T05:58:13+00:00\",\"description\":\"Sharp Hi Chromium double edge razor blades is premium quality shaving blade. This blades is specially made for multiple shave and professional barber.\",\"breadcrumb\":{\"@id\":\"https:\/\/durablade.biz\/product\/sharp-hi-chromium-double-edge-durablade-swiss-quality-razor-blades-t5-b100-p10000-pcs\/#breadcrumb\"},\"inLanguage\":\"fr-FR\",\"potentialAction\":[{\"@type\":\"ReadAction\",\"target\":[\"https:\/\/durablade.biz\/product\/sharp-hi-chromium-double-edge-durablade-swiss-quality-razor-blades-t5-b100-p10000-pcs\/\"]}]},{\"@type\":\"ImageObject\",\"inLanguage\":\"fr-FR\",\"@id\":\"https:\/\/durablade.biz\/product\/sharp-hi-chromium-double-edge-durablade-swiss-quality-razor-blades-t5-b100-p10000-pcs\/#primaryimage\",\"url\":\"https:\/\/durablade.biz\/wp-content\/uploads\/2019\/05\/SHARP-HC-DE-CHQ-T5-B100-MC10K.jpg\",\"contentUrl\":\"https:\/\/durablade.biz\/wp-content\/uploads\/2019\/05\/SHARP-HC-DE-CHQ-T5-B100-MC10K.jpg\",\"width\":500,\"height\":500,\"caption\":\"SHARP HI CHROMIUM DOUBLE EDGE DURABLADE SWISS QUALITY RAZOR BLADES T5 B100 P10,000 PCS\"},{\"@type\":\"BreadcrumbList\",\"@id\":\"https:\/\/durablade.biz\/product\/sharp-hi-chromium-double-edge-durablade-swiss-quality-razor-blades-t5-b100-p10000-pcs\/#breadcrumb\",\"itemListElement\":[{\"@type\":\"ListItem\",\"position\":1,\"name\":\"Home\",\"item\":\"https:\/\/durablade.biz\/\"},{\"@type\":\"ListItem\",\"position\":2,\"name\":\"Shop\",\"item\":\"https:\/\/durablade.biz\/pb\/shop\/\"},{\"@type\":\"ListItem\",\"position\":3,\"name\":\"SHARP HI CHROMIUM DOUBLE EDGE DURABLADE SWISS QUALITY RAZOR BLADES T5 B100 P10,000 PCS\"}]},{\"@type\":\"WebSite\",\"@id\":\"https:\/\/durablade.biz\/pb\/#website\",\"url\":\"https:\/\/durablade.biz\/pb\/\",\"name\":\"Durablade double edge razor blade\",\"description\":\"Professional shaving blades\",\"potentialAction\":[{\"@type\":\"SearchAction\",\"target\":{\"@type\":\"EntryPoint\",\"urlTemplate\":\"https:\/\/durablade.biz\/pb\/?s={search_term_string}\"},\"query-input\":{\"@type\":\"PropertyValueSpecification\",\"valueRequired\":true,\"valueName\":\"search_term_string\"}}],\"inLanguage\":\"fr-FR\"}]}<\/script>\n<!-- \/ Yoast SEO plugin. -->","yoast_head_json":{"title":"SHARP HI CHROMIUM DOUBLE EDGE DURABLADE SWISS QUALITY RAZOR BLADES T5 B100 P10,000 PCS - Durablade double edge razor blade","description":"Sharp Hi Chromium double edge razor blades is premium quality shaving blade. This blades is specially made for multiple shave and professional barber.","robots":{"index":"index","follow":"follow","max-snippet":"max-snippet:-1","max-image-preview":"max-image-preview:large","max-video-preview":"max-video-preview:-1"},"canonical":"https:\/\/durablade.biz\/product\/sharp-hi-chromium-double-edge-durablade-swiss-quality-razor-blades-t5-b100-p10000-pcs\/","og_locale":"fr_FR","og_type":"article","og_title":"SHARP HI CHROMIUM DOUBLE EDGE DURABLADE SWISS QUALITY RAZOR BLADES T5 B100 P10,000 PCS - Durablade double edge razor blade","og_description":"Sharp Hi Chromium double edge razor blades is premium quality shaving blade. This blades is specially made for multiple shave and professional barber.","og_url":"https:\/\/durablade.biz\/product\/sharp-hi-chromium-double-edge-durablade-swiss-quality-razor-blades-t5-b100-p10000-pcs\/","og_site_name":"Durablade double edge razor blade","article_publisher":"https:\/\/www.facebook.com\/durablade","article_modified_time":"2021-12-07T05:58:13+00:00","og_image":[{"width":500,"height":500,"url":"https:\/\/durablade.biz\/wp-content\/uploads\/2019\/05\/SHARP-HC-DE-CHQ-T5-B100-MC10K.jpg","type":"image\/jpeg"}],"twitter_card":"summary_large_image","twitter_site":"@durablade","twitter_misc":{"Dur\u00e9e de lecture estim\u00e9e":"4 minutes"},"schema":{"@context":"https:\/\/schema.org","@graph":[{"@type":"WebPage","@id":"https:\/\/durablade.biz\/product\/sharp-hi-chromium-double-edge-durablade-swiss-quality-razor-blades-t5-b100-p10000-pcs\/","url":"https:\/\/durablade.biz\/product\/sharp-hi-chromium-double-edge-durablade-swiss-quality-razor-blades-t5-b100-p10000-pcs\/","name":"SHARP HI CHROMIUM DOUBLE EDGE DURABLADE SWISS QUALITY RAZOR BLADES T5 B100 P10,000 PCS - Durablade double edge razor blade","isPartOf":{"@id":"https:\/\/durablade.biz\/pb\/#website"},"primaryImageOfPage":{"@id":"https:\/\/durablade.biz\/product\/sharp-hi-chromium-double-edge-durablade-swiss-quality-razor-blades-t5-b100-p10000-pcs\/#primaryimage"},"image":{"@id":"https:\/\/durablade.biz\/product\/sharp-hi-chromium-double-edge-durablade-swiss-quality-razor-blades-t5-b100-p10000-pcs\/#primaryimage"},"thumbnailUrl":"https:\/\/durablade.biz\/wp-content\/uploads\/2019\/05\/SHARP-HC-DE-CHQ-T5-B100-MC10K.jpg","datePublished":"2018-01-06T10:21:58+00:00","dateModified":"2021-12-07T05:58:13+00:00","description":"Sharp Hi Chromium double edge razor blades is premium quality shaving blade. This blades is specially made for multiple shave and professional barber.","breadcrumb":{"@id":"https:\/\/durablade.biz\/product\/sharp-hi-chromium-double-edge-durablade-swiss-quality-razor-blades-t5-b100-p10000-pcs\/#breadcrumb"},"inLanguage":"fr-FR","potentialAction":[{"@type":"ReadAction","target":["https:\/\/durablade.biz\/product\/sharp-hi-chromium-double-edge-durablade-swiss-quality-razor-blades-t5-b100-p10000-pcs\/"]}]},{"@type":"ImageObject","inLanguage":"fr-FR","@id":"https:\/\/durablade.biz\/product\/sharp-hi-chromium-double-edge-durablade-swiss-quality-razor-blades-t5-b100-p10000-pcs\/#primaryimage","url":"https:\/\/durablade.biz\/wp-content\/uploads\/2019\/05\/SHARP-HC-DE-CHQ-T5-B100-MC10K.jpg","contentUrl":"https:\/\/durablade.biz\/wp-content\/uploads\/2019\/05\/SHARP-HC-DE-CHQ-T5-B100-MC10K.jpg","width":500,"height":500,"caption":"SHARP HI CHROMIUM DOUBLE EDGE DURABLADE SWISS QUALITY RAZOR BLADES T5 B100 P10,000 PCS"},{"@type":"BreadcrumbList","@id":"https:\/\/durablade.biz\/product\/sharp-hi-chromium-double-edge-durablade-swiss-quality-razor-blades-t5-b100-p10000-pcs\/#breadcrumb","itemListElement":[{"@type":"ListItem","position":1,"name":"Home","item":"https:\/\/durablade.biz\/"},{"@type":"ListItem","position":2,"name":"Shop","item":"https:\/\/durablade.biz\/pb\/shop\/"},{"@type":"ListItem","position":3,"name":"SHARP HI CHROMIUM DOUBLE EDGE DURABLADE SWISS QUALITY RAZOR BLADES T5 B100 P10,000 PCS"}]},{"@type":"WebSite","@id":"https:\/\/durablade.biz\/pb\/#website","url":"https:\/\/durablade.biz\/pb\/","name":"Durablade double edge razor blade","description":"Professional shaving blades","potentialAction":[{"@type":"SearchAction","target":{"@type":"EntryPoint","urlTemplate":"https:\/\/durablade.biz\/pb\/?s={search_term_string}"},"query-input":{"@type":"PropertyValueSpecification","valueRequired":true,"valueName":"search_term_string"}}],"inLanguage":"fr-FR"}]}},"_links":{"self":[{"href":"https:\/\/durablade.biz\/fr\/wp-json\/wp\/v2\/product\/700","targetHints":{"allow":["GET"]}}],"collection":[{"href":"https:\/\/durablade.biz\/fr\/wp-json\/wp\/v2\/product"}],"about":[{"href":"https:\/\/durablade.biz\/fr\/wp-json\/wp\/v2\/types\/product"}],"replies":[{"embeddable":true,"href":"https:\/\/durablade.biz\/fr\/wp-json\/wp\/v2\/comments?post=700"}],"wp:featuredmedia":[{"embeddable":true,"href":"https:\/\/durablade.biz\/fr\/wp-json\/wp\/v2\/media\/1722"}],"wp:attachment":[{"href":"https:\/\/durablade.biz\/fr\/wp-json\/wp\/v2\/media?parent=700"}],"wp:term":[{"taxonomy":"product_brand","embeddable":true,"href":"https:\/\/durablade.biz\/fr\/wp-json\/wp\/v2\/product_brand?post=700"},{"taxonomy":"product_cat","embeddable":true,"href":"https:\/\/durablade.biz\/fr\/wp-json\/wp\/v2\/product_cat?post=700"},{"taxonomy":"product_tag","embeddable":true,"href":"https:\/\/durablade.biz\/fr\/wp-json\/wp\/v2\/product_tag?post=700"}],"curies":[{"name":"wp","href":"https:\/\/api.w.org\/{rel}","templated":true}]}}