{"id":620,"date":"2018-01-04T06:42:45","date_gmt":"2018-01-04T06:42:45","guid":{"rendered":"http:\/\/durablade.biz\/product\/sharp-titanium-double-edge-durablade-swiss-quality-razor-blades-5-pcs\/"},"modified":"2025-08-19T14:26:52","modified_gmt":"2025-08-19T08:26:52","slug":"sharp-titanium-double-edge-durablade-swiss-quality-razor-blades-5-pcs","status":"publish","type":"product","link":"https:\/\/durablade.biz\/fr\/product\/sharp-titanium-double-edge-durablade-swiss-quality-razor-blades-5-pcs\/","title":{"rendered":"SHARP TITANIUM DOUBLE EDGE DURABLADE SWISS QUALITY RAZOR BLADES 5 PCS"},"content":{"rendered":"<p>DURABLADE LAMES DE RASOIR DOUBLE C\u00d4TE SHARP TITANIUM DE QUALIT\u00c9 SUISSE Utilisant une m\u00e9thode de pointe et la plus haute qualit\u00e9 Swiss Steel, les lames en titane de qualit\u00e9 suisse sont recouvertes de titane et de diamants taill\u00e9s pour vous offrir un rasage de pr\u00e8s. Les rasoirs aiment cette lame pour sa durabilit\u00e9 et sa nettet\u00e9. Des lames de rasoir professionnelles dot\u00e9es de la puissance du titane.<\/p>","protected":false},"excerpt":{"rendered":"<p class=\"qtranxs-available-languages-message qtranxs-available-languages-message-fr\">D\u00e9sol\u00e9, cet article est seulement disponible en <a href=\"https:\/\/durablade.biz\/en\/wp-json\/wp\/v2\/product\/620\" class=\"qtranxs-available-language-link qtranxs-available-language-link-en\" title=\"English\">English<\/a>, <a href=\"https:\/\/durablade.biz\/de\/wp-json\/wp\/v2\/product\/620\" class=\"qtranxs-available-language-link qtranxs-available-language-link-de\" title=\"Deutsch\">Deutsch<\/a>, <a href=\"https:\/\/durablade.biz\/sv\/wp-json\/wp\/v2\/product\/620\" class=\"qtranxs-available-language-link qtranxs-available-language-link-sv\" title=\"Svenska\">Svenska<\/a>, <a href=\"https:\/\/durablade.biz\/it\/wp-json\/wp\/v2\/product\/620\" class=\"qtranxs-available-language-link qtranxs-available-language-link-it\" title=\"Italiano\">Italiano<\/a>, <a href=\"https:\/\/durablade.biz\/es\/wp-json\/wp\/v2\/product\/620\" class=\"qtranxs-available-language-link qtranxs-available-language-link-es\" title=\"Espa\u00f1ol\">Espa\u00f1ol<\/a>, <a href=\"https:\/\/durablade.biz\/ar\/wp-json\/wp\/v2\/product\/620\" class=\"qtranxs-available-language-link qtranxs-available-language-link-ar\" title=\"\u0627\u0644\u0639\u0631\u0628\u064a\u0629\">\u0627\u0644\u0639\u0631\u0628\u064a\u0629<\/a>, <a href=\"https:\/\/durablade.biz\/pb\/wp-json\/wp\/v2\/product\/620\" class=\"qtranxs-available-language-link qtranxs-available-language-link-pb\" title=\"Portugu\u00eas do Brasil\">Portugu\u00eas do Brasil<\/a>, <a href=\"https:\/\/durablade.biz\/bd\/wp-json\/wp\/v2\/product\/620\" class=\"qtranxs-available-language-link qtranxs-available-language-link-bd\" title=\"Bangla\">Bangla<\/a> et <a href=\"https:\/\/durablade.biz\/th\/wp-json\/wp\/v2\/product\/620\" class=\"qtranxs-available-language-link qtranxs-available-language-link-th\" title=\"Thai\">Thai<\/a>.<\/p>\n","protected":false},"featured_media":1666,"comment_status":"open","ping_status":"closed","template":"","meta":[],"product_brand":[],"product_cat":[135,27,50,28,29,51],"product_tag":[],"class_list":{"0":"post-620","1":"product","2":"type-product","3":"status-publish","4":"has-post-thumbnail","6":"product_cat-sharp-ti","7":"product_cat-sharp-titanium","8":"product_cat-sharp-ti-de-chq-t5-b100","9":"product_cat-sharp-ti-de-chq-t5-b50","10":"product_cat-sharp-tig","11":"product_cat-titanium","12":"pa_double-edge-blade-5-blades-pack","13":"pa_double-edge-blade-double-edge-blade","14":"pa_sampler-5-blades-pack","15":"pa_sampler-sampler","17":"first","18":"instock","19":"shipping-taxable","20":"purchasable","21":"product-type-simple"},"yoast_head":"<!-- This site is optimized with the Yoast SEO plugin v24.4 - https:\/\/yoast.com\/wordpress\/plugins\/seo\/ -->\n<title>SHARP TITANIUM DOUBLE EDGE DURABLADE SWISS QUALITY RAZOR BLADES 5 PCS - Durablade double edge razor blade<\/title>\n<meta name=\"description\" content=\"Sharp titanium double edge razor blades is premium quality shaving blade. This blades is specially made for multiple shave and professional barber.\" \/>\n<meta name=\"robots\" content=\"index, follow, max-snippet:-1, max-image-preview:large, max-video-preview:-1\" \/>\n<link rel=\"canonical\" href=\"https:\/\/durablade.biz\/product\/sharp-titanium-double-edge-durablade-swiss-quality-razor-blades-5-pcs\/\" \/>\n<meta property=\"og:locale\" content=\"fr_FR\" \/>\n<meta property=\"og:type\" content=\"article\" \/>\n<meta property=\"og:title\" content=\"SHARP TITANIUM DOUBLE EDGE DURABLADE SWISS QUALITY RAZOR BLADES 5 PCS - Durablade double edge razor blade\" \/>\n<meta property=\"og:description\" content=\"Sharp titanium double edge razor blades is premium quality shaving blade. This blades is specially made for multiple shave and professional barber.\" \/>\n<meta property=\"og:url\" content=\"https:\/\/durablade.biz\/product\/sharp-titanium-double-edge-durablade-swiss-quality-razor-blades-5-pcs\/\" \/>\n<meta property=\"og:site_name\" content=\"Durablade double edge razor blade\" \/>\n<meta property=\"article:publisher\" content=\"https:\/\/www.facebook.com\/durablade\" \/>\n<meta property=\"article:modified_time\" content=\"2025-08-19T08:26:52+00:00\" \/>\n<meta property=\"og:image\" content=\"https:\/\/durablade.biz\/wp-content\/uploads\/2019\/05\/SHARP-TI-DE-CHQ-T5-PRODUCT.jpg\" \/>\n\t<meta property=\"og:image:width\" content=\"500\" \/>\n\t<meta property=\"og:image:height\" content=\"500\" \/>\n\t<meta property=\"og:image:type\" content=\"image\/jpeg\" \/>\n<meta name=\"twitter:card\" content=\"summary_large_image\" \/>\n<meta name=\"twitter:site\" content=\"@durablade\" \/>\n<meta name=\"twitter:label1\" content=\"Dur\u00e9e de lecture estim\u00e9e\" \/>\n\t<meta name=\"twitter:data1\" content=\"3 minutes\" \/>\n<script type=\"application\/ld+json\" class=\"yoast-schema-graph\">{\"@context\":\"https:\/\/schema.org\",\"@graph\":[{\"@type\":\"WebPage\",\"@id\":\"https:\/\/durablade.biz\/product\/sharp-titanium-double-edge-durablade-swiss-quality-razor-blades-5-pcs\/\",\"url\":\"https:\/\/durablade.biz\/product\/sharp-titanium-double-edge-durablade-swiss-quality-razor-blades-5-pcs\/\",\"name\":\"SHARP TITANIUM DOUBLE EDGE DURABLADE SWISS QUALITY RAZOR BLADES 5 PCS - Durablade double edge razor blade\",\"isPartOf\":{\"@id\":\"https:\/\/durablade.biz\/pb\/#website\"},\"primaryImageOfPage\":{\"@id\":\"https:\/\/durablade.biz\/product\/sharp-titanium-double-edge-durablade-swiss-quality-razor-blades-5-pcs\/#primaryimage\"},\"image\":{\"@id\":\"https:\/\/durablade.biz\/product\/sharp-titanium-double-edge-durablade-swiss-quality-razor-blades-5-pcs\/#primaryimage\"},\"thumbnailUrl\":\"https:\/\/durablade.biz\/wp-content\/uploads\/2019\/05\/SHARP-TI-DE-CHQ-T5-PRODUCT.jpg\",\"datePublished\":\"2018-01-04T06:42:45+00:00\",\"dateModified\":\"2025-08-19T08:26:52+00:00\",\"description\":\"Sharp titanium double edge razor blades is premium quality shaving blade. This blades is specially made for multiple shave and professional barber.\",\"breadcrumb\":{\"@id\":\"https:\/\/durablade.biz\/product\/sharp-titanium-double-edge-durablade-swiss-quality-razor-blades-5-pcs\/#breadcrumb\"},\"inLanguage\":\"fr-FR\",\"potentialAction\":[{\"@type\":\"ReadAction\",\"target\":[\"https:\/\/durablade.biz\/product\/sharp-titanium-double-edge-durablade-swiss-quality-razor-blades-5-pcs\/\"]}]},{\"@type\":\"ImageObject\",\"inLanguage\":\"fr-FR\",\"@id\":\"https:\/\/durablade.biz\/product\/sharp-titanium-double-edge-durablade-swiss-quality-razor-blades-5-pcs\/#primaryimage\",\"url\":\"https:\/\/durablade.biz\/wp-content\/uploads\/2019\/05\/SHARP-TI-DE-CHQ-T5-PRODUCT.jpg\",\"contentUrl\":\"https:\/\/durablade.biz\/wp-content\/uploads\/2019\/05\/SHARP-TI-DE-CHQ-T5-PRODUCT.jpg\",\"width\":500,\"height\":500,\"caption\":\"SHARP TITANIUM DOUBLE EDGE DURABLADE SWISS QUALITY RAZOR BLADES 5 PCS\"},{\"@type\":\"BreadcrumbList\",\"@id\":\"https:\/\/durablade.biz\/product\/sharp-titanium-double-edge-durablade-swiss-quality-razor-blades-5-pcs\/#breadcrumb\",\"itemListElement\":[{\"@type\":\"ListItem\",\"position\":1,\"name\":\"Home\",\"item\":\"https:\/\/durablade.biz\/\"},{\"@type\":\"ListItem\",\"position\":2,\"name\":\"Shop\",\"item\":\"https:\/\/durablade.biz\/pb\/shop\/\"},{\"@type\":\"ListItem\",\"position\":3,\"name\":\"SHARP TITANIUM DOUBLE EDGE DURABLADE SWISS QUALITY RAZOR BLADES 5 PCS\"}]},{\"@type\":\"WebSite\",\"@id\":\"https:\/\/durablade.biz\/pb\/#website\",\"url\":\"https:\/\/durablade.biz\/pb\/\",\"name\":\"Durablade double edge razor blade\",\"description\":\"Professional shaving blades\",\"potentialAction\":[{\"@type\":\"SearchAction\",\"target\":{\"@type\":\"EntryPoint\",\"urlTemplate\":\"https:\/\/durablade.biz\/pb\/?s={search_term_string}\"},\"query-input\":{\"@type\":\"PropertyValueSpecification\",\"valueRequired\":true,\"valueName\":\"search_term_string\"}}],\"inLanguage\":\"fr-FR\"}]}<\/script>\n<!-- \/ Yoast SEO plugin. -->","yoast_head_json":{"title":"SHARP TITANIUM DOUBLE EDGE DURABLADE SWISS QUALITY RAZOR BLADES 5 PCS - Durablade double edge razor blade","description":"Sharp titanium double edge razor blades is premium quality shaving blade. This blades is specially made for multiple shave and professional barber.","robots":{"index":"index","follow":"follow","max-snippet":"max-snippet:-1","max-image-preview":"max-image-preview:large","max-video-preview":"max-video-preview:-1"},"canonical":"https:\/\/durablade.biz\/product\/sharp-titanium-double-edge-durablade-swiss-quality-razor-blades-5-pcs\/","og_locale":"fr_FR","og_type":"article","og_title":"SHARP TITANIUM DOUBLE EDGE DURABLADE SWISS QUALITY RAZOR BLADES 5 PCS - Durablade double edge razor blade","og_description":"Sharp titanium double edge razor blades is premium quality shaving blade. This blades is specially made for multiple shave and professional barber.","og_url":"https:\/\/durablade.biz\/product\/sharp-titanium-double-edge-durablade-swiss-quality-razor-blades-5-pcs\/","og_site_name":"Durablade double edge razor blade","article_publisher":"https:\/\/www.facebook.com\/durablade","article_modified_time":"2025-08-19T08:26:52+00:00","og_image":[{"width":500,"height":500,"url":"https:\/\/durablade.biz\/wp-content\/uploads\/2019\/05\/SHARP-TI-DE-CHQ-T5-PRODUCT.jpg","type":"image\/jpeg"}],"twitter_card":"summary_large_image","twitter_site":"@durablade","twitter_misc":{"Dur\u00e9e de lecture estim\u00e9e":"3 minutes"},"schema":{"@context":"https:\/\/schema.org","@graph":[{"@type":"WebPage","@id":"https:\/\/durablade.biz\/product\/sharp-titanium-double-edge-durablade-swiss-quality-razor-blades-5-pcs\/","url":"https:\/\/durablade.biz\/product\/sharp-titanium-double-edge-durablade-swiss-quality-razor-blades-5-pcs\/","name":"SHARP TITANIUM DOUBLE EDGE DURABLADE SWISS QUALITY RAZOR BLADES 5 PCS - Durablade double edge razor blade","isPartOf":{"@id":"https:\/\/durablade.biz\/pb\/#website"},"primaryImageOfPage":{"@id":"https:\/\/durablade.biz\/product\/sharp-titanium-double-edge-durablade-swiss-quality-razor-blades-5-pcs\/#primaryimage"},"image":{"@id":"https:\/\/durablade.biz\/product\/sharp-titanium-double-edge-durablade-swiss-quality-razor-blades-5-pcs\/#primaryimage"},"thumbnailUrl":"https:\/\/durablade.biz\/wp-content\/uploads\/2019\/05\/SHARP-TI-DE-CHQ-T5-PRODUCT.jpg","datePublished":"2018-01-04T06:42:45+00:00","dateModified":"2025-08-19T08:26:52+00:00","description":"Sharp titanium double edge razor blades is premium quality shaving blade. This blades is specially made for multiple shave and professional barber.","breadcrumb":{"@id":"https:\/\/durablade.biz\/product\/sharp-titanium-double-edge-durablade-swiss-quality-razor-blades-5-pcs\/#breadcrumb"},"inLanguage":"fr-FR","potentialAction":[{"@type":"ReadAction","target":["https:\/\/durablade.biz\/product\/sharp-titanium-double-edge-durablade-swiss-quality-razor-blades-5-pcs\/"]}]},{"@type":"ImageObject","inLanguage":"fr-FR","@id":"https:\/\/durablade.biz\/product\/sharp-titanium-double-edge-durablade-swiss-quality-razor-blades-5-pcs\/#primaryimage","url":"https:\/\/durablade.biz\/wp-content\/uploads\/2019\/05\/SHARP-TI-DE-CHQ-T5-PRODUCT.jpg","contentUrl":"https:\/\/durablade.biz\/wp-content\/uploads\/2019\/05\/SHARP-TI-DE-CHQ-T5-PRODUCT.jpg","width":500,"height":500,"caption":"SHARP TITANIUM DOUBLE EDGE DURABLADE SWISS QUALITY RAZOR BLADES 5 PCS"},{"@type":"BreadcrumbList","@id":"https:\/\/durablade.biz\/product\/sharp-titanium-double-edge-durablade-swiss-quality-razor-blades-5-pcs\/#breadcrumb","itemListElement":[{"@type":"ListItem","position":1,"name":"Home","item":"https:\/\/durablade.biz\/"},{"@type":"ListItem","position":2,"name":"Shop","item":"https:\/\/durablade.biz\/pb\/shop\/"},{"@type":"ListItem","position":3,"name":"SHARP TITANIUM DOUBLE EDGE DURABLADE SWISS QUALITY RAZOR BLADES 5 PCS"}]},{"@type":"WebSite","@id":"https:\/\/durablade.biz\/pb\/#website","url":"https:\/\/durablade.biz\/pb\/","name":"Durablade double edge razor blade","description":"Professional shaving blades","potentialAction":[{"@type":"SearchAction","target":{"@type":"EntryPoint","urlTemplate":"https:\/\/durablade.biz\/pb\/?s={search_term_string}"},"query-input":{"@type":"PropertyValueSpecification","valueRequired":true,"valueName":"search_term_string"}}],"inLanguage":"fr-FR"}]}},"_links":{"self":[{"href":"https:\/\/durablade.biz\/fr\/wp-json\/wp\/v2\/product\/620","targetHints":{"allow":["GET"]}}],"collection":[{"href":"https:\/\/durablade.biz\/fr\/wp-json\/wp\/v2\/product"}],"about":[{"href":"https:\/\/durablade.biz\/fr\/wp-json\/wp\/v2\/types\/product"}],"replies":[{"embeddable":true,"href":"https:\/\/durablade.biz\/fr\/wp-json\/wp\/v2\/comments?post=620"}],"wp:featuredmedia":[{"embeddable":true,"href":"https:\/\/durablade.biz\/fr\/wp-json\/wp\/v2\/media\/1666"}],"wp:attachment":[{"href":"https:\/\/durablade.biz\/fr\/wp-json\/wp\/v2\/media?parent=620"}],"wp:term":[{"taxonomy":"product_brand","embeddable":true,"href":"https:\/\/durablade.biz\/fr\/wp-json\/wp\/v2\/product_brand?post=620"},{"taxonomy":"product_cat","embeddable":true,"href":"https:\/\/durablade.biz\/fr\/wp-json\/wp\/v2\/product_cat?post=620"},{"taxonomy":"product_tag","embeddable":true,"href":"https:\/\/durablade.biz\/fr\/wp-json\/wp\/v2\/product_tag?post=620"}],"curies":[{"name":"wp","href":"https:\/\/api.w.org\/{rel}","templated":true}]}}