{"id":835,"date":"2018-01-10T05:28:47","date_gmt":"2018-01-10T05:28:47","guid":{"rendered":"http:\/\/durablade.biz\/?page_id=835"},"modified":"2018-01-10T05:28:47","modified_gmt":"2018-01-10T05:28:47","slug":"champ-se-2","status":"publish","type":"page","link":"https:\/\/durablade.biz\/fr\/champ-se-2\/","title":{"rendered":"CHAMPION PLATINUM HALF BLADE"},"content":{"rendered":"<p>[vc_row][vc_column][vc_custom_heading text=&#8221;CHAMPION HALF BLADE&#8221; font_container=&#8221;tag:h4|text_align:left&#8221; use_theme_fonts=&#8221;yes&#8221;][vc_separator color=&#8221;custom&#8221; style=&#8221;solid&#8221; gap=&#8221;tall&#8221; accent_color=&#8221;#dd3333&#8243;]<div class=\"woocommerce columns-3 \"><ul class=\"products products-container pcols-lg-3 pcols-md-3 pcols-xs-2 pcols-ls-2 pwidth-lg-3 pwidth-md-3 pwidth-xs-2 pwidth-ls-1\"\n\t>\n\n<li class=\"product-col hover product-default product type-product post-804 status-publish first instock product_cat-champ-pl-se-chq-b100 product_cat-champion product_cat-champion-feature product_cat-champion-platinum product_cat-platinum has-post-thumbnail shipping-taxable purchasable product-type-simple\">\n<div class=\"product-inner\">\n\t\n\t<div class=\"product-image\">\n\n\t\t<a  href=\"https:\/\/durablade.biz\/fr\/product\/durablade-swiss-quality-champion-platinum-half-blade-b100\/\">\n\t\t\t<div class=\"inner\"><img loading=\"lazy\" decoding=\"async\" width=\"300\" height=\"300\" src=\"https:\/\/durablade.biz\/wp-content\/uploads\/2019\/05\/CHAMP-PL-DE-CHQ-B100-300x300.jpg\" class=\" wp-post-image\" alt=\"shaving blades DURABLADE SWISS QUALITY CHAMPION PLATINUM HALF BLADE B100\" srcset=\"https:\/\/durablade.biz\/wp-content\/uploads\/2019\/05\/CHAMP-PL-DE-CHQ-B100-300x300.jpg 300w, https:\/\/durablade.biz\/wp-content\/uploads\/2019\/05\/CHAMP-PL-DE-CHQ-B100-150x150.jpg 150w, https:\/\/durablade.biz\/wp-content\/uploads\/2019\/05\/CHAMP-PL-DE-CHQ-B100-400x400.jpg 400w, https:\/\/durablade.biz\/wp-content\/uploads\/2019\/05\/CHAMP-PL-DE-CHQ-B100-367x367.jpg 367w, https:\/\/durablade.biz\/wp-content\/uploads\/2019\/05\/CHAMP-PL-DE-CHQ-B100-85x85.jpg 85w, https:\/\/durablade.biz\/wp-content\/uploads\/2019\/05\/CHAMP-PL-DE-CHQ-B100-50x50.jpg 50w, https:\/\/durablade.biz\/wp-content\/uploads\/2019\/05\/CHAMP-PL-DE-CHQ-B100-32x32.jpg 32w, https:\/\/durablade.biz\/wp-content\/uploads\/2019\/05\/CHAMP-PL-DE-CHQ-B100.jpg 500w\" sizes=\"auto, (max-width: 300px) 100vw, 300px\" \/><\/div>\t\t<\/a>\n\t\t<\/div>\n\n\t<div class=\"product-content\">\n\t\t\n\t\t\n\t\t\t\t<a class=\"product-loop-title\"  href=\"https:\/\/durablade.biz\/fr\/product\/durablade-swiss-quality-champion-platinum-half-blade-b100\/\">\n\t<h3 class=\"woocommerce-loop-product__title\">DURABLADE SWISS QUALITY CHAMPION PLATINUM HALF BLADE B100<\/h3>\t<\/a>\n\t\t\t\n\t\t\n\t<div class=\"woocommerce-product-rating\">\n\t\t<div class=\"star-rating\" role=\"img\" aria-label=\"Note 5.00 sur 5\"><span style=\"width:100%\">Not\u00e9 <strong class=\"rating\">5.00<\/strong> sur 5 bas\u00e9 sur <span class=\"rating\">2<\/span> notations client<\/span><\/div>\t\t\t\t\t\t\t\t<a href=\"#reviews\" class=\"woocommerce-review-link\" rel=\"nofollow\">(<span class=\"count\">2<\/span> avis client)<\/a>\n\t\t\t\t\t\t<\/div>\n\n\n\t<span class=\"price\"><span class=\"woocs_price_code\" data-product-id=\"804\"><span class=\"woocommerce-Price-amount amount\"><bdi><span class=\"woocommerce-Price-currencySymbol\">&#8363;<\/span>305,376.00<\/bdi><\/span><\/span><\/span>\n\n\t\t<div class=\"add-links-wrap\">\n\t<div class=\"add-links no-effect clearfix\">\n\t\t<a href=\"\/fr\/wp-json\/wp\/v2\/pages\/835?add-to-cart=804\" data-quantity=\"1\" class=\"viewcart-style-2 button product_type_simple add_to_cart_button ajax_add_to_cart\" data-product_id=\"804\" data-product_sku=\"CHAMP-PL-SE-CHQ-B100\" aria-label=\"Ajouter au panier\u00a0: &ldquo;DURABLADE SWISS QUALITY CHAMPION PLATINUM HALF BLADE B100&rdquo;\" rel=\"nofollow\" data-success_message=\"\u00ab\u00a0DURABLADE SWISS QUALITY CHAMPION PLATINUM HALF BLADE B100\u00a0\u00bb a \u00e9t\u00e9 ajout\u00e9 \u00e0 votre panier\" title=\"Minimum qty is 1\" role=\"button\">Ajouter au panier<\/a>\t<\/div>\n\t<\/div>\n\t<\/div>\n<\/div>\n<\/li>\n\n<li class=\"product-col hover product-default product type-product post-813 status-publish instock product_cat-champ-pl-se-chq-b100 product_cat-champion product_cat-platinum has-post-thumbnail shipping-taxable purchasable product-type-simple\">\n<div class=\"product-inner\">\n\t\n\t<div class=\"product-image\">\n\n\t\t<a  href=\"https:\/\/durablade.biz\/fr\/product\/durablade-swiss-quality-champion-platinum-half-blade-b400\/\">\n\t\t\t<div class=\"inner\"><img loading=\"lazy\" decoding=\"async\" width=\"300\" height=\"300\" src=\"https:\/\/durablade.biz\/wp-content\/uploads\/2019\/05\/CHAMP-PL-DE-CHQ-T100-B400-300x300.jpg\" class=\" wp-post-image\" alt=\"shaving blades DURABLADE SWISS QUALITY CHAMPION PLATINUM HALF BLADE B400\" srcset=\"https:\/\/durablade.biz\/wp-content\/uploads\/2019\/05\/CHAMP-PL-DE-CHQ-T100-B400-300x300.jpg 300w, https:\/\/durablade.biz\/wp-content\/uploads\/2019\/05\/CHAMP-PL-DE-CHQ-T100-B400-150x150.jpg 150w, https:\/\/durablade.biz\/wp-content\/uploads\/2019\/05\/CHAMP-PL-DE-CHQ-T100-B400-400x400.jpg 400w, https:\/\/durablade.biz\/wp-content\/uploads\/2019\/05\/CHAMP-PL-DE-CHQ-T100-B400-367x367.jpg 367w, https:\/\/durablade.biz\/wp-content\/uploads\/2019\/05\/CHAMP-PL-DE-CHQ-T100-B400-85x85.jpg 85w, https:\/\/durablade.biz\/wp-content\/uploads\/2019\/05\/CHAMP-PL-DE-CHQ-T100-B400-50x50.jpg 50w, https:\/\/durablade.biz\/wp-content\/uploads\/2019\/05\/CHAMP-PL-DE-CHQ-T100-B400-32x32.jpg 32w, https:\/\/durablade.biz\/wp-content\/uploads\/2019\/05\/CHAMP-PL-DE-CHQ-T100-B400.jpg 500w\" sizes=\"auto, (max-width: 300px) 100vw, 300px\" \/><\/div>\t\t<\/a>\n\t\t<\/div>\n\n\t<div class=\"product-content\">\n\t\t\n\t\t\n\t\t\t\t<a class=\"product-loop-title\"  href=\"https:\/\/durablade.biz\/fr\/product\/durablade-swiss-quality-champion-platinum-half-blade-b400\/\">\n\t<h3 class=\"woocommerce-loop-product__title\">DURABLADE SWISS QUALITY CHAMPION PLATINUM HALF BLADE B400<\/h3>\t<\/a>\n\t\t\t\n\t\t\n\t<div class=\"woocommerce-product-rating\">\n\t\t<div class=\"star-rating\" role=\"img\" aria-label=\"Note 5.00 sur 5\"><span style=\"width:100%\">Not\u00e9 <strong class=\"rating\">5.00<\/strong> sur 5 bas\u00e9 sur <span class=\"rating\">1<\/span> notation client<\/span><\/div>\t\t\t\t\t\t\t\t<a href=\"#reviews\" class=\"woocommerce-review-link\" rel=\"nofollow\">(<span class=\"count\">2<\/span> avis client)<\/a>\n\t\t\t\t\t\t<\/div>\n\n\n\t<span class=\"price\"><span class=\"woocs_price_code\" data-product-id=\"813\"><span class=\"woocommerce-Price-amount amount\"><bdi><span class=\"woocommerce-Price-currencySymbol\">&#8363;<\/span>1,221,504.00<\/bdi><\/span><\/span><\/span>\n\n\t\t<div class=\"add-links-wrap\">\n\t<div class=\"add-links no-effect clearfix\">\n\t\t<a href=\"\/fr\/wp-json\/wp\/v2\/pages\/835?add-to-cart=813\" data-quantity=\"1\" class=\"viewcart-style-2 button product_type_simple add_to_cart_button ajax_add_to_cart\" data-product_id=\"813\" data-product_sku=\"CHAMP-PL-SE-CHQ-B400\" aria-label=\"Ajouter au panier\u00a0: &ldquo;DURABLADE SWISS QUALITY CHAMPION PLATINUM HALF BLADE B400&rdquo;\" rel=\"nofollow\" data-success_message=\"\u00ab\u00a0DURABLADE SWISS QUALITY CHAMPION PLATINUM HALF BLADE B400\u00a0\u00bb a \u00e9t\u00e9 ajout\u00e9 \u00e0 votre panier\" title=\"Minimum qty is 1\" role=\"button\">Ajouter au panier<\/a>\t<\/div>\n\t<\/div>\n\t<\/div>\n<\/div>\n<\/li>\n\n<li class=\"product-col hover product-default product type-product post-816 status-publish last instock product_cat-champ-pl-se-chq-b100 product_cat-champion product_cat-platinum has-post-thumbnail shipping-taxable purchasable product-type-simple\">\n<div class=\"product-inner\">\n\t\n\t<div class=\"product-image\">\n\n\t\t<a  href=\"https:\/\/durablade.biz\/fr\/product\/durablade-swiss-quality-champion-platinum-half-blade-b10000\/\">\n\t\t\t<div class=\"inner\"><img loading=\"lazy\" decoding=\"async\" width=\"300\" height=\"300\" src=\"https:\/\/durablade.biz\/wp-content\/uploads\/2019\/05\/CHAMP-PL-DE-CHQ-T100-B400-MC10K-300x300.jpg\" class=\" wp-post-image\" alt=\"shaving blades DURABLADE SWISS QUALITY CHAMPION PLATINUM HALF BLADE B10000\" srcset=\"https:\/\/durablade.biz\/wp-content\/uploads\/2019\/05\/CHAMP-PL-DE-CHQ-T100-B400-MC10K-300x300.jpg 300w, https:\/\/durablade.biz\/wp-content\/uploads\/2019\/05\/CHAMP-PL-DE-CHQ-T100-B400-MC10K-150x150.jpg 150w, https:\/\/durablade.biz\/wp-content\/uploads\/2019\/05\/CHAMP-PL-DE-CHQ-T100-B400-MC10K-400x400.jpg 400w, https:\/\/durablade.biz\/wp-content\/uploads\/2019\/05\/CHAMP-PL-DE-CHQ-T100-B400-MC10K-367x367.jpg 367w, https:\/\/durablade.biz\/wp-content\/uploads\/2019\/05\/CHAMP-PL-DE-CHQ-T100-B400-MC10K-85x85.jpg 85w, https:\/\/durablade.biz\/wp-content\/uploads\/2019\/05\/CHAMP-PL-DE-CHQ-T100-B400-MC10K-50x50.jpg 50w, https:\/\/durablade.biz\/wp-content\/uploads\/2019\/05\/CHAMP-PL-DE-CHQ-T100-B400-MC10K-32x32.jpg 32w, https:\/\/durablade.biz\/wp-content\/uploads\/2019\/05\/CHAMP-PL-DE-CHQ-T100-B400-MC10K.jpg 500w\" sizes=\"auto, (max-width: 300px) 100vw, 300px\" \/><\/div>\t\t<\/a>\n\t\t<\/div>\n\n\t<div class=\"product-content\">\n\t\t\n\t\t\n\t\t\t\t<a class=\"product-loop-title\"  href=\"https:\/\/durablade.biz\/fr\/product\/durablade-swiss-quality-champion-platinum-half-blade-b10000\/\">\n\t<h3 class=\"woocommerce-loop-product__title\">DURABLADE SWISS QUALITY CHAMPION PLATINUM HALF BLADE B10000<\/h3>\t<\/a>\n\t\t\t\n\t\t\n\t<div class=\"woocommerce-product-rating\">\n\t\t<div class=\"star-rating\" role=\"img\" aria-label=\"Note 5.00 sur 5\"><span style=\"width:100%\">Not\u00e9 <strong class=\"rating\">5.00<\/strong> sur 5 bas\u00e9 sur <span class=\"rating\">2<\/span> notations client<\/span><\/div>\t\t\t\t\t\t\t\t<a href=\"#reviews\" class=\"woocommerce-review-link\" rel=\"nofollow\">(<span class=\"count\">3<\/span> avis client)<\/a>\n\t\t\t\t\t\t<\/div>\n\n\n\t<span class=\"price\"><span class=\"woocs_price_code\" data-product-id=\"816\"><span class=\"woocommerce-Price-amount amount\"><bdi><span class=\"woocommerce-Price-currencySymbol\">&#8363;<\/span>7,634,400.00<\/bdi><\/span><\/span><\/span>\n\n\t\t<div class=\"add-links-wrap\">\n\t<div class=\"add-links no-effect clearfix\">\n\t\t<a href=\"\/fr\/wp-json\/wp\/v2\/pages\/835?add-to-cart=816\" data-quantity=\"1\" class=\"viewcart-style-2 button product_type_simple add_to_cart_button ajax_add_to_cart\" data-product_id=\"816\" data-product_sku=\"CHAMP-PL-SE-CHQ-B100-MC10K\" aria-label=\"Ajouter au panier\u00a0: &ldquo;DURABLADE SWISS QUALITY CHAMPION PLATINUM HALF BLADE B10000&rdquo;\" rel=\"nofollow\" data-success_message=\"\u00ab\u00a0DURABLADE SWISS QUALITY CHAMPION PLATINUM HALF BLADE B10000\u00a0\u00bb a \u00e9t\u00e9 ajout\u00e9 \u00e0 votre panier\" title=\"Minimum qty is 1\" role=\"button\">Ajouter au panier<\/a>\t<\/div>\n\t<\/div>\n\t<\/div>\n<\/div>\n<\/li>\n<\/ul>\n<\/div>[\/vc_column][\/vc_row]<\/p>\n","protected":false},"excerpt":{"rendered":"<p>[vc_row][vc_column][vc_custom_heading text=&#8221;CHAMPION HALF BLADE&#8221; font_container=&#8221;tag:h4|text_align:left&#8221; use_theme_fonts=&#8221;yes&#8221;][vc_separator color=&#8221;custom&#8221; style=&#8221;solid&#8221; gap=&#8221;tall&#8221; accent_color=&#8221;#dd3333&#8243;][\/vc_column][\/vc_row]<\/p>\n","protected":false},"author":1,"featured_media":0,"parent":0,"menu_order":0,"comment_status":"closed","ping_status":"closed","template":"","meta":{"footnotes":""},"class_list":["post-835","page","type-page","status-publish","hentry"],"yoast_head":"<!-- This site is optimized with the Yoast SEO plugin v24.4 - https:\/\/yoast.com\/wordpress\/plugins\/seo\/ -->\n<title>Champion Platinum Professional Barber Straight Edge Razor Safety Blades<\/title>\n<meta name=\"description\" content=\"Champion Platinum Professional Barber Straight Edge Razor Safety Blades Salon Quality Smooth Shave - Platinum coated blade-Easy to use in barber salon.\" \/>\n<meta name=\"robots\" content=\"index, follow, max-snippet:-1, max-image-preview:large, max-video-preview:-1\" \/>\n<link rel=\"canonical\" href=\"https:\/\/durablade.biz\/ar\/champ-se-2\/\" \/>\n<meta property=\"og:locale\" content=\"fr_FR\" \/>\n<meta property=\"og:type\" content=\"article\" \/>\n<meta property=\"og:title\" content=\"Champion Platinum Professional Barber Straight Edge Razor Safety Blades\" \/>\n<meta property=\"og:description\" content=\"Champion Platinum Professional Barber Straight Edge Razor Safety Blades Salon Quality Smooth Shave - Platinum coated blade-Easy to use in barber salon.\" \/>\n<meta property=\"og:url\" content=\"https:\/\/durablade.biz\/ar\/champ-se-2\/\" \/>\n<meta property=\"og:site_name\" content=\"Durablade double edge razor blade\" \/>\n<meta property=\"article:publisher\" content=\"https:\/\/www.facebook.com\/durablade\" \/>\n<meta name=\"twitter:card\" content=\"summary_large_image\" \/>\n<meta name=\"twitter:site\" content=\"@durablade\" \/>\n<script type=\"application\/ld+json\" class=\"yoast-schema-graph\">{\"@context\":\"https:\/\/schema.org\",\"@graph\":[{\"@type\":\"WebPage\",\"@id\":\"https:\/\/durablade.biz\/ar\/champ-se-2\/\",\"url\":\"https:\/\/durablade.biz\/ar\/champ-se-2\/\",\"name\":\"Champion Platinum Professional Barber Straight Edge Razor Safety Blades\",\"isPartOf\":{\"@id\":\"https:\/\/durablade.biz\/pb\/#website\"},\"datePublished\":\"2018-01-10T05:28:47+00:00\",\"description\":\"Champion Platinum Professional Barber Straight Edge Razor Safety Blades Salon Quality Smooth Shave - Platinum coated blade-Easy to use in barber salon.\",\"breadcrumb\":{\"@id\":\"https:\/\/durablade.biz\/ar\/champ-se-2\/#breadcrumb\"},\"inLanguage\":\"fr-FR\",\"potentialAction\":[{\"@type\":\"ReadAction\",\"target\":[\"https:\/\/durablade.biz\/ar\/champ-se-2\/\"]}]},{\"@type\":\"BreadcrumbList\",\"@id\":\"https:\/\/durablade.biz\/ar\/champ-se-2\/#breadcrumb\",\"itemListElement\":[{\"@type\":\"ListItem\",\"position\":1,\"name\":\"Home\",\"item\":\"https:\/\/durablade.biz\/\"},{\"@type\":\"ListItem\",\"position\":2,\"name\":\"CHAMPION PLATINUM HALF BLADE\"}]},{\"@type\":\"WebSite\",\"@id\":\"https:\/\/durablade.biz\/pb\/#website\",\"url\":\"https:\/\/durablade.biz\/pb\/\",\"name\":\"Durablade double edge razor blade\",\"description\":\"Professional shaving blades\",\"potentialAction\":[{\"@type\":\"SearchAction\",\"target\":{\"@type\":\"EntryPoint\",\"urlTemplate\":\"https:\/\/durablade.biz\/pb\/?s={search_term_string}\"},\"query-input\":{\"@type\":\"PropertyValueSpecification\",\"valueRequired\":true,\"valueName\":\"search_term_string\"}}],\"inLanguage\":\"fr-FR\"}]}<\/script>\n<!-- \/ Yoast SEO plugin. -->","yoast_head_json":{"title":"Champion Platinum Professional Barber Straight Edge Razor Safety Blades","description":"Champion Platinum Professional Barber Straight Edge Razor Safety Blades Salon Quality Smooth Shave - Platinum coated blade-Easy to use in barber salon.","robots":{"index":"index","follow":"follow","max-snippet":"max-snippet:-1","max-image-preview":"max-image-preview:large","max-video-preview":"max-video-preview:-1"},"canonical":"https:\/\/durablade.biz\/ar\/champ-se-2\/","og_locale":"fr_FR","og_type":"article","og_title":"Champion Platinum Professional Barber Straight Edge Razor Safety Blades","og_description":"Champion Platinum Professional Barber Straight Edge Razor Safety Blades Salon Quality Smooth Shave - Platinum coated blade-Easy to use in barber salon.","og_url":"https:\/\/durablade.biz\/ar\/champ-se-2\/","og_site_name":"Durablade double edge razor blade","article_publisher":"https:\/\/www.facebook.com\/durablade","twitter_card":"summary_large_image","twitter_site":"@durablade","schema":{"@context":"https:\/\/schema.org","@graph":[{"@type":"WebPage","@id":"https:\/\/durablade.biz\/ar\/champ-se-2\/","url":"https:\/\/durablade.biz\/ar\/champ-se-2\/","name":"Champion Platinum Professional Barber Straight Edge Razor Safety Blades","isPartOf":{"@id":"https:\/\/durablade.biz\/pb\/#website"},"datePublished":"2018-01-10T05:28:47+00:00","description":"Champion Platinum Professional Barber Straight Edge Razor Safety Blades Salon Quality Smooth Shave - Platinum coated blade-Easy to use in barber salon.","breadcrumb":{"@id":"https:\/\/durablade.biz\/ar\/champ-se-2\/#breadcrumb"},"inLanguage":"fr-FR","potentialAction":[{"@type":"ReadAction","target":["https:\/\/durablade.biz\/ar\/champ-se-2\/"]}]},{"@type":"BreadcrumbList","@id":"https:\/\/durablade.biz\/ar\/champ-se-2\/#breadcrumb","itemListElement":[{"@type":"ListItem","position":1,"name":"Home","item":"https:\/\/durablade.biz\/"},{"@type":"ListItem","position":2,"name":"CHAMPION PLATINUM HALF BLADE"}]},{"@type":"WebSite","@id":"https:\/\/durablade.biz\/pb\/#website","url":"https:\/\/durablade.biz\/pb\/","name":"Durablade double edge razor blade","description":"Professional shaving blades","potentialAction":[{"@type":"SearchAction","target":{"@type":"EntryPoint","urlTemplate":"https:\/\/durablade.biz\/pb\/?s={search_term_string}"},"query-input":{"@type":"PropertyValueSpecification","valueRequired":true,"valueName":"search_term_string"}}],"inLanguage":"fr-FR"}]}},"_links":{"self":[{"href":"https:\/\/durablade.biz\/fr\/wp-json\/wp\/v2\/pages\/835","targetHints":{"allow":["GET"]}}],"collection":[{"href":"https:\/\/durablade.biz\/fr\/wp-json\/wp\/v2\/pages"}],"about":[{"href":"https:\/\/durablade.biz\/fr\/wp-json\/wp\/v2\/types\/page"}],"author":[{"embeddable":true,"href":"https:\/\/durablade.biz\/fr\/wp-json\/wp\/v2\/users\/1"}],"replies":[{"embeddable":true,"href":"https:\/\/durablade.biz\/fr\/wp-json\/wp\/v2\/comments?post=835"}],"version-history":[{"count":0,"href":"https:\/\/durablade.biz\/fr\/wp-json\/wp\/v2\/pages\/835\/revisions"}],"wp:attachment":[{"href":"https:\/\/durablade.biz\/fr\/wp-json\/wp\/v2\/media?parent=835"}],"curies":[{"name":"wp","href":"https:\/\/api.w.org\/{rel}","templated":true}]}}