{"id":649,"date":"2018-01-04T10:39:50","date_gmt":"2018-01-04T10:39:50","guid":{"rendered":"http:\/\/durablade.biz\/product\/sharp-hi-platinum-durablade-swiss-quality-double-edge-razor-blade-10-pcs\/"},"modified":"2022-03-14T14:03:29","modified_gmt":"2022-03-14T08:03:29","slug":"sharp-hi-platinum-durablade-swiss-quality-double-edge-razor-blade-10-pcs","status":"publish","type":"product","link":"https:\/\/durablade.biz\/es\/product\/sharp-hi-platinum-durablade-swiss-quality-double-edge-razor-blade-10-pcs\/","title":{"rendered":"SHARP HI PLATINUM DURABLADE SWISS QUALITY DOUBLE EDGE RAZOR BLADE 10 PCS"},"content":{"rendered":"<p>DURABLADE SHISS QUALITY SHARP HI PLATINUM DOBLE EDGE RAZOR BLADES es una marca familiar pero con una sensaci\u00f3n mejorada. El proceso de fabricaci\u00f3n de las cuchillas ha cambiado de la adquisici\u00f3n de materia prima al tratamiento de las cuchillas, adem\u00e1s de recubrirlas con platino para mayor nitidez y resistencia. El acero utilizado para fabricar estas cuchillas es acero brit\u00e1nico importado. Sharp HI PLATINUM es la cuchilla superior de doble filo que garantiza comodidad, nitidez para un afeitado suave y ha sido tratada para evitar que la oxidaci\u00f3n ocurra demasiado r\u00e1pido.<\/p>","protected":false},"excerpt":{"rendered":"<ul>\n<li>10 individual blades in one box called tuck<\/li>\n<li>One saloon pack box contain 10 blades<\/li>\n<li>Each blade is individually wrapped in airtight swiss wax paper<\/li>\n<li>PLATINUM coated for high durability<\/li>\n<li>Rustproof formula increasing usage<\/li>\n<li>Minimum order quantity one carton<\/li>\n<li>Blade fits all double-edge razors<\/li>\n<li>Made of stainless steel to wear well in a wet environment and resist rust<\/li>\n<li>Premium quality blade<\/li>\n<li>Saleable in different packaging like 10,100,200 and 1000 blades box and in a master carton contain 10,000 blades<\/li>\n<\/ul>\n","protected":false},"featured_media":1681,"comment_status":"open","ping_status":"closed","template":"","meta":[],"product_brand":[],"product_cat":[43,135,44,48,49],"product_tag":[],"class_list":{"0":"post-649","1":"product","2":"type-product","3":"status-publish","4":"has-post-thumbnail","6":"product_cat-hi-platinum","7":"product_cat-sharp-ti","8":"product_cat-sharp-hp","9":"product_cat-sharp-hp-de-chq-t10-b100","10":"product_cat-sharp-hp-de-chq-t10-b200","11":"pa_double-edge-blade-10-blades-pack","12":"pa_double-edge-blade-double-edge-blade","13":"pa_sampler-10-blades-pack","14":"pa_sampler-sampler","16":"first","17":"instock","18":"shipping-taxable","19":"purchasable","20":"product-type-simple"},"yoast_head":"<!-- This site is optimized with the Yoast SEO plugin v24.4 - https:\/\/yoast.com\/wordpress\/plugins\/seo\/ -->\n<title>SHARP HI PLATINUM DURABLADE SWISS QUALITY DOUBLE EDGE RAZOR BLADE 10 PCS - Durablade double edge razor blade<\/title>\n<meta name=\"description\" content=\"Sharp Hi platinum double edge razor blades is premium quality shaving blade. This blades is specially made for multiple shave and professional barber.\" \/>\n<meta name=\"robots\" content=\"index, follow, max-snippet:-1, max-image-preview:large, max-video-preview:-1\" \/>\n<link rel=\"canonical\" href=\"https:\/\/durablade.biz\/product\/sharp-hi-platinum-durablade-swiss-quality-double-edge-razor-blade-10-pcs\/\" \/>\n<meta property=\"og:locale\" content=\"es_ES\" \/>\n<meta property=\"og:type\" content=\"article\" \/>\n<meta property=\"og:title\" content=\"SHARP HI PLATINUM DURABLADE SWISS QUALITY DOUBLE EDGE RAZOR BLADE 10 PCS - Durablade double edge razor blade\" \/>\n<meta property=\"og:description\" content=\"Sharp Hi platinum double edge razor blades is premium quality shaving blade. This blades is specially made for multiple shave and professional barber.\" \/>\n<meta property=\"og:url\" content=\"https:\/\/durablade.biz\/product\/sharp-hi-platinum-durablade-swiss-quality-double-edge-razor-blade-10-pcs\/\" \/>\n<meta property=\"og:site_name\" content=\"Durablade double edge razor blade\" \/>\n<meta property=\"article:publisher\" content=\"https:\/\/www.facebook.com\/durablade\" \/>\n<meta property=\"article:modified_time\" content=\"2022-03-14T08:03:29+00:00\" \/>\n<meta property=\"og:image\" content=\"https:\/\/durablade.biz\/wp-content\/uploads\/2019\/05\/SHARP-HP-DE-CHQ-T10-1-5.jpg\" \/>\n\t<meta property=\"og:image:width\" content=\"500\" \/>\n\t<meta property=\"og:image:height\" content=\"500\" \/>\n\t<meta property=\"og:image:type\" content=\"image\/jpeg\" \/>\n<meta name=\"twitter:card\" content=\"summary_large_image\" \/>\n<meta name=\"twitter:site\" content=\"@durablade\" \/>\n<meta name=\"twitter:label1\" content=\"Tiempo de lectura\" \/>\n\t<meta name=\"twitter:data1\" content=\"5 minutos\" \/>\n<script type=\"application\/ld+json\" class=\"yoast-schema-graph\">{\"@context\":\"https:\/\/schema.org\",\"@graph\":[{\"@type\":\"WebPage\",\"@id\":\"https:\/\/durablade.biz\/product\/sharp-hi-platinum-durablade-swiss-quality-double-edge-razor-blade-10-pcs\/\",\"url\":\"https:\/\/durablade.biz\/product\/sharp-hi-platinum-durablade-swiss-quality-double-edge-razor-blade-10-pcs\/\",\"name\":\"SHARP HI PLATINUM DURABLADE SWISS QUALITY DOUBLE EDGE RAZOR BLADE 10 PCS - Durablade double edge razor blade\",\"isPartOf\":{\"@id\":\"https:\/\/durablade.biz\/pb\/#website\"},\"primaryImageOfPage\":{\"@id\":\"https:\/\/durablade.biz\/product\/sharp-hi-platinum-durablade-swiss-quality-double-edge-razor-blade-10-pcs\/#primaryimage\"},\"image\":{\"@id\":\"https:\/\/durablade.biz\/product\/sharp-hi-platinum-durablade-swiss-quality-double-edge-razor-blade-10-pcs\/#primaryimage\"},\"thumbnailUrl\":\"https:\/\/durablade.biz\/wp-content\/uploads\/2019\/05\/SHARP-HP-DE-CHQ-T10-1-5.jpg\",\"datePublished\":\"2018-01-04T10:39:50+00:00\",\"dateModified\":\"2022-03-14T08:03:29+00:00\",\"description\":\"Sharp Hi platinum double edge razor blades is premium quality shaving blade. This blades is specially made for multiple shave and professional barber.\",\"breadcrumb\":{\"@id\":\"https:\/\/durablade.biz\/product\/sharp-hi-platinum-durablade-swiss-quality-double-edge-razor-blade-10-pcs\/#breadcrumb\"},\"inLanguage\":\"es\",\"potentialAction\":[{\"@type\":\"ReadAction\",\"target\":[\"https:\/\/durablade.biz\/product\/sharp-hi-platinum-durablade-swiss-quality-double-edge-razor-blade-10-pcs\/\"]}]},{\"@type\":\"ImageObject\",\"inLanguage\":\"es\",\"@id\":\"https:\/\/durablade.biz\/product\/sharp-hi-platinum-durablade-swiss-quality-double-edge-razor-blade-10-pcs\/#primaryimage\",\"url\":\"https:\/\/durablade.biz\/wp-content\/uploads\/2019\/05\/SHARP-HP-DE-CHQ-T10-1-5.jpg\",\"contentUrl\":\"https:\/\/durablade.biz\/wp-content\/uploads\/2019\/05\/SHARP-HP-DE-CHQ-T10-1-5.jpg\",\"width\":500,\"height\":500,\"caption\":\"SHARP HI PLATINUM DURABLADE SWISS QUALITY DOUBLE EDGE RAZOR BLADE T10 B100 P500 PCS\"},{\"@type\":\"BreadcrumbList\",\"@id\":\"https:\/\/durablade.biz\/product\/sharp-hi-platinum-durablade-swiss-quality-double-edge-razor-blade-10-pcs\/#breadcrumb\",\"itemListElement\":[{\"@type\":\"ListItem\",\"position\":1,\"name\":\"Home\",\"item\":\"https:\/\/durablade.biz\/\"},{\"@type\":\"ListItem\",\"position\":2,\"name\":\"Shop\",\"item\":\"https:\/\/durablade.biz\/pb\/shop\/\"},{\"@type\":\"ListItem\",\"position\":3,\"name\":\"SHARP HI PLATINUM DURABLADE SWISS QUALITY DOUBLE EDGE RAZOR BLADE 10 PCS\"}]},{\"@type\":\"WebSite\",\"@id\":\"https:\/\/durablade.biz\/pb\/#website\",\"url\":\"https:\/\/durablade.biz\/pb\/\",\"name\":\"Durablade double edge razor blade\",\"description\":\"Professional shaving blades\",\"potentialAction\":[{\"@type\":\"SearchAction\",\"target\":{\"@type\":\"EntryPoint\",\"urlTemplate\":\"https:\/\/durablade.biz\/pb\/?s={search_term_string}\"},\"query-input\":{\"@type\":\"PropertyValueSpecification\",\"valueRequired\":true,\"valueName\":\"search_term_string\"}}],\"inLanguage\":\"es\"}]}<\/script>\n<!-- \/ Yoast SEO plugin. -->","yoast_head_json":{"title":"SHARP HI PLATINUM DURABLADE SWISS QUALITY DOUBLE EDGE RAZOR BLADE 10 PCS - Durablade double edge razor blade","description":"Sharp Hi platinum double edge razor blades is premium quality shaving blade. This blades is specially made for multiple shave and professional barber.","robots":{"index":"index","follow":"follow","max-snippet":"max-snippet:-1","max-image-preview":"max-image-preview:large","max-video-preview":"max-video-preview:-1"},"canonical":"https:\/\/durablade.biz\/product\/sharp-hi-platinum-durablade-swiss-quality-double-edge-razor-blade-10-pcs\/","og_locale":"es_ES","og_type":"article","og_title":"SHARP HI PLATINUM DURABLADE SWISS QUALITY DOUBLE EDGE RAZOR BLADE 10 PCS - Durablade double edge razor blade","og_description":"Sharp Hi platinum double edge razor blades is premium quality shaving blade. This blades is specially made for multiple shave and professional barber.","og_url":"https:\/\/durablade.biz\/product\/sharp-hi-platinum-durablade-swiss-quality-double-edge-razor-blade-10-pcs\/","og_site_name":"Durablade double edge razor blade","article_publisher":"https:\/\/www.facebook.com\/durablade","article_modified_time":"2022-03-14T08:03:29+00:00","og_image":[{"width":500,"height":500,"url":"https:\/\/durablade.biz\/wp-content\/uploads\/2019\/05\/SHARP-HP-DE-CHQ-T10-1-5.jpg","type":"image\/jpeg"}],"twitter_card":"summary_large_image","twitter_site":"@durablade","twitter_misc":{"Tiempo de lectura":"5 minutos"},"schema":{"@context":"https:\/\/schema.org","@graph":[{"@type":"WebPage","@id":"https:\/\/durablade.biz\/product\/sharp-hi-platinum-durablade-swiss-quality-double-edge-razor-blade-10-pcs\/","url":"https:\/\/durablade.biz\/product\/sharp-hi-platinum-durablade-swiss-quality-double-edge-razor-blade-10-pcs\/","name":"SHARP HI PLATINUM DURABLADE SWISS QUALITY DOUBLE EDGE RAZOR BLADE 10 PCS - Durablade double edge razor blade","isPartOf":{"@id":"https:\/\/durablade.biz\/pb\/#website"},"primaryImageOfPage":{"@id":"https:\/\/durablade.biz\/product\/sharp-hi-platinum-durablade-swiss-quality-double-edge-razor-blade-10-pcs\/#primaryimage"},"image":{"@id":"https:\/\/durablade.biz\/product\/sharp-hi-platinum-durablade-swiss-quality-double-edge-razor-blade-10-pcs\/#primaryimage"},"thumbnailUrl":"https:\/\/durablade.biz\/wp-content\/uploads\/2019\/05\/SHARP-HP-DE-CHQ-T10-1-5.jpg","datePublished":"2018-01-04T10:39:50+00:00","dateModified":"2022-03-14T08:03:29+00:00","description":"Sharp Hi platinum double edge razor blades is premium quality shaving blade. This blades is specially made for multiple shave and professional barber.","breadcrumb":{"@id":"https:\/\/durablade.biz\/product\/sharp-hi-platinum-durablade-swiss-quality-double-edge-razor-blade-10-pcs\/#breadcrumb"},"inLanguage":"es","potentialAction":[{"@type":"ReadAction","target":["https:\/\/durablade.biz\/product\/sharp-hi-platinum-durablade-swiss-quality-double-edge-razor-blade-10-pcs\/"]}]},{"@type":"ImageObject","inLanguage":"es","@id":"https:\/\/durablade.biz\/product\/sharp-hi-platinum-durablade-swiss-quality-double-edge-razor-blade-10-pcs\/#primaryimage","url":"https:\/\/durablade.biz\/wp-content\/uploads\/2019\/05\/SHARP-HP-DE-CHQ-T10-1-5.jpg","contentUrl":"https:\/\/durablade.biz\/wp-content\/uploads\/2019\/05\/SHARP-HP-DE-CHQ-T10-1-5.jpg","width":500,"height":500,"caption":"SHARP HI PLATINUM DURABLADE SWISS QUALITY DOUBLE EDGE RAZOR BLADE T10 B100 P500 PCS"},{"@type":"BreadcrumbList","@id":"https:\/\/durablade.biz\/product\/sharp-hi-platinum-durablade-swiss-quality-double-edge-razor-blade-10-pcs\/#breadcrumb","itemListElement":[{"@type":"ListItem","position":1,"name":"Home","item":"https:\/\/durablade.biz\/"},{"@type":"ListItem","position":2,"name":"Shop","item":"https:\/\/durablade.biz\/pb\/shop\/"},{"@type":"ListItem","position":3,"name":"SHARP HI PLATINUM DURABLADE SWISS QUALITY DOUBLE EDGE RAZOR BLADE 10 PCS"}]},{"@type":"WebSite","@id":"https:\/\/durablade.biz\/pb\/#website","url":"https:\/\/durablade.biz\/pb\/","name":"Durablade double edge razor blade","description":"Professional shaving blades","potentialAction":[{"@type":"SearchAction","target":{"@type":"EntryPoint","urlTemplate":"https:\/\/durablade.biz\/pb\/?s={search_term_string}"},"query-input":{"@type":"PropertyValueSpecification","valueRequired":true,"valueName":"search_term_string"}}],"inLanguage":"es"}]}},"_links":{"self":[{"href":"https:\/\/durablade.biz\/es\/wp-json\/wp\/v2\/product\/649","targetHints":{"allow":["GET"]}}],"collection":[{"href":"https:\/\/durablade.biz\/es\/wp-json\/wp\/v2\/product"}],"about":[{"href":"https:\/\/durablade.biz\/es\/wp-json\/wp\/v2\/types\/product"}],"replies":[{"embeddable":true,"href":"https:\/\/durablade.biz\/es\/wp-json\/wp\/v2\/comments?post=649"}],"wp:featuredmedia":[{"embeddable":true,"href":"https:\/\/durablade.biz\/es\/wp-json\/wp\/v2\/media\/1681"}],"wp:attachment":[{"href":"https:\/\/durablade.biz\/es\/wp-json\/wp\/v2\/media?parent=649"}],"wp:term":[{"taxonomy":"product_brand","embeddable":true,"href":"https:\/\/durablade.biz\/es\/wp-json\/wp\/v2\/product_brand?post=649"},{"taxonomy":"product_cat","embeddable":true,"href":"https:\/\/durablade.biz\/es\/wp-json\/wp\/v2\/product_cat?post=649"},{"taxonomy":"product_tag","embeddable":true,"href":"https:\/\/durablade.biz\/es\/wp-json\/wp\/v2\/product_tag?post=649"}],"curies":[{"name":"wp","href":"https:\/\/api.w.org\/{rel}","templated":true}]}}