{"id":634,"date":"2018-01-04T09:15:39","date_gmt":"2018-01-04T09:15:39","guid":{"rendered":"http:\/\/durablade.biz\/product\/sharp-hi-platinum-durablade-swiss-quality-double-edge-razor-blade-5-pcs\/"},"modified":"2023-01-16T17:36:36","modified_gmt":"2023-01-16T11:36:36","slug":"sharp-hi-platinum-durablade-swiss-quality-double-edge-razor-blade-5-pcs","status":"publish","type":"product","link":"https:\/\/durablade.biz\/de\/product\/sharp-hi-platinum-durablade-swiss-quality-double-edge-razor-blade-5-pcs\/","title":{"rendered":"SHARP HI PLATINUM DURABLADE SWISS QUALITY DOUBLE EDGE RAZOR BLADE 5 PCS"},"content":{"rendered":"<p>DURABLADE SWISS QUALITY SHARP HI PLATINUM RASIERKLINGEN MIT DOPPELTER KANTE ist eine bekannte Marke, die sich jedoch aufgewertet anf\u00fchlt. Der Herstellungsprozess der Klingen wurde von der Rohstoffbeschaffung auf die Behandlung der Klingen umgestellt und zus\u00e4tzlich mit Platin beschichtet, um die Sch\u00e4rfe und Festigkeit zu erh\u00f6hen. Der zur Herstellung dieser Klingen verwendete Stahl ist importierter britischer Stahl. Sharp HI PLATINUM ist die zweischneidige Klinge der Spitzenklasse, die Komfort und Sch\u00e4rfe f\u00fcr eine glatte Rasur garantiert und behandelt wurde, um zu verhindern, dass Oxidation zu schnell auftritt.<\/p>","protected":false},"excerpt":{"rendered":"<ul>\n<li>5 individual blades in one box called tuck<\/li>\n<li>One saloon pack box contain 5 blades<\/li>\n<li>Each blade is individually wrapped in airtight swiss wax paper<\/li>\n<li>PLATINUM coated for high durability<\/li>\n<li>Rustproof formula increasing usage<\/li>\n<li>Minimum order quantity one carton<\/li>\n<li>Blade fits all double-edge razors<\/li>\n<li>Made of stainless steel to wear well in a wet environment and resist rust<\/li>\n<li>Premium quality blade<\/li>\n<li>Saleable in different packaging like 50,100 and 500 blades box and in a master carton contain 10,000 blades<\/li>\n<\/ul>\n","protected":false},"featured_media":1674,"comment_status":"open","ping_status":"closed","template":"","meta":[],"product_brand":[],"product_cat":[43,135,44,47,46],"product_tag":[],"class_list":{"0":"post-634","1":"product","2":"type-product","3":"status-publish","4":"has-post-thumbnail","6":"product_cat-hi-platinum","7":"product_cat-sharp-ti","8":"product_cat-sharp-hp","9":"product_cat-sharp-hp-de-chq-t5-b100","10":"product_cat-sharp-hp-de-chq-t5-b50","11":"pa_double-edge-blade-5-blades-pack","12":"pa_double-edge-blade-double-edge-blade","13":"pa_sampler-5-blades-pack","14":"pa_sampler-sampler","16":"first","17":"instock","18":"shipping-taxable","19":"purchasable","20":"product-type-simple"},"yoast_head":"<!-- This site is optimized with the Yoast SEO plugin v24.4 - https:\/\/yoast.com\/wordpress\/plugins\/seo\/ -->\n<title>SHARP HI PLATINUM DURABLADE SWISS QUALITY DOUBLE EDGE RAZOR BLADE 5 PCS - Durablade double edge razor blade<\/title>\n<meta name=\"description\" content=\"Sharp Hi platinum double edge razor blades is premium quality shaving blade. This blades is specially made for multiple shave and professional barber.\" \/>\n<meta name=\"robots\" content=\"index, follow, max-snippet:-1, max-image-preview:large, max-video-preview:-1\" \/>\n<link rel=\"canonical\" href=\"https:\/\/durablade.biz\/product\/sharp-hi-platinum-durablade-swiss-quality-double-edge-razor-blade-5-pcs\/\" \/>\n<meta property=\"og:locale\" content=\"de_DE\" \/>\n<meta property=\"og:type\" content=\"article\" \/>\n<meta property=\"og:title\" content=\"SHARP HI PLATINUM DURABLADE SWISS QUALITY DOUBLE EDGE RAZOR BLADE 5 PCS - Durablade double edge razor blade\" \/>\n<meta property=\"og:description\" content=\"Sharp Hi platinum double edge razor blades is premium quality shaving blade. This blades is specially made for multiple shave and professional barber.\" \/>\n<meta property=\"og:url\" content=\"https:\/\/durablade.biz\/product\/sharp-hi-platinum-durablade-swiss-quality-double-edge-razor-blade-5-pcs\/\" \/>\n<meta property=\"og:site_name\" content=\"Durablade double edge razor blade\" \/>\n<meta property=\"article:publisher\" content=\"https:\/\/www.facebook.com\/durablade\" \/>\n<meta property=\"article:modified_time\" content=\"2023-01-16T11:36:36+00:00\" \/>\n<meta property=\"og:image\" content=\"https:\/\/durablade.biz\/wp-content\/uploads\/2019\/05\/SHARP-HP-DE-CHQ-T5-PRODUCT.jpg\" \/>\n\t<meta property=\"og:image:width\" content=\"500\" \/>\n\t<meta property=\"og:image:height\" content=\"500\" \/>\n\t<meta property=\"og:image:type\" content=\"image\/jpeg\" \/>\n<meta name=\"twitter:card\" content=\"summary_large_image\" \/>\n<meta name=\"twitter:site\" content=\"@durablade\" \/>\n<meta name=\"twitter:label1\" content=\"Gesch\u00e4tzte Lesezeit\" \/>\n\t<meta name=\"twitter:data1\" content=\"5\u00a0Minuten\" \/>\n<script type=\"application\/ld+json\" class=\"yoast-schema-graph\">{\"@context\":\"https:\/\/schema.org\",\"@graph\":[{\"@type\":\"WebPage\",\"@id\":\"https:\/\/durablade.biz\/product\/sharp-hi-platinum-durablade-swiss-quality-double-edge-razor-blade-5-pcs\/\",\"url\":\"https:\/\/durablade.biz\/product\/sharp-hi-platinum-durablade-swiss-quality-double-edge-razor-blade-5-pcs\/\",\"name\":\"SHARP HI PLATINUM DURABLADE SWISS QUALITY DOUBLE EDGE RAZOR BLADE 5 PCS - Durablade double edge razor blade\",\"isPartOf\":{\"@id\":\"https:\/\/durablade.biz\/pb\/#website\"},\"primaryImageOfPage\":{\"@id\":\"https:\/\/durablade.biz\/product\/sharp-hi-platinum-durablade-swiss-quality-double-edge-razor-blade-5-pcs\/#primaryimage\"},\"image\":{\"@id\":\"https:\/\/durablade.biz\/product\/sharp-hi-platinum-durablade-swiss-quality-double-edge-razor-blade-5-pcs\/#primaryimage\"},\"thumbnailUrl\":\"https:\/\/durablade.biz\/wp-content\/uploads\/2019\/05\/SHARP-HP-DE-CHQ-T5-PRODUCT.jpg\",\"datePublished\":\"2018-01-04T09:15:39+00:00\",\"dateModified\":\"2023-01-16T11:36:36+00:00\",\"description\":\"Sharp Hi platinum double edge razor blades is premium quality shaving blade. This blades is specially made for multiple shave and professional barber.\",\"breadcrumb\":{\"@id\":\"https:\/\/durablade.biz\/product\/sharp-hi-platinum-durablade-swiss-quality-double-edge-razor-blade-5-pcs\/#breadcrumb\"},\"inLanguage\":\"de\",\"potentialAction\":[{\"@type\":\"ReadAction\",\"target\":[\"https:\/\/durablade.biz\/product\/sharp-hi-platinum-durablade-swiss-quality-double-edge-razor-blade-5-pcs\/\"]}]},{\"@type\":\"ImageObject\",\"inLanguage\":\"de\",\"@id\":\"https:\/\/durablade.biz\/product\/sharp-hi-platinum-durablade-swiss-quality-double-edge-razor-blade-5-pcs\/#primaryimage\",\"url\":\"https:\/\/durablade.biz\/wp-content\/uploads\/2019\/05\/SHARP-HP-DE-CHQ-T5-PRODUCT.jpg\",\"contentUrl\":\"https:\/\/durablade.biz\/wp-content\/uploads\/2019\/05\/SHARP-HP-DE-CHQ-T5-PRODUCT.jpg\",\"width\":500,\"height\":500,\"caption\":\"SHARP HI PLATINUM DURABLADE SWISS QUALITY DOUBLE EDGE RAZOR BLADE 5 PCS\"},{\"@type\":\"BreadcrumbList\",\"@id\":\"https:\/\/durablade.biz\/product\/sharp-hi-platinum-durablade-swiss-quality-double-edge-razor-blade-5-pcs\/#breadcrumb\",\"itemListElement\":[{\"@type\":\"ListItem\",\"position\":1,\"name\":\"Home\",\"item\":\"https:\/\/durablade.biz\/\"},{\"@type\":\"ListItem\",\"position\":2,\"name\":\"Shop\",\"item\":\"https:\/\/durablade.biz\/pb\/shop\/\"},{\"@type\":\"ListItem\",\"position\":3,\"name\":\"SHARP HI PLATINUM DURABLADE SWISS QUALITY DOUBLE EDGE RAZOR BLADE 5 PCS\"}]},{\"@type\":\"WebSite\",\"@id\":\"https:\/\/durablade.biz\/pb\/#website\",\"url\":\"https:\/\/durablade.biz\/pb\/\",\"name\":\"Durablade double edge razor blade\",\"description\":\"Professional shaving blades\",\"potentialAction\":[{\"@type\":\"SearchAction\",\"target\":{\"@type\":\"EntryPoint\",\"urlTemplate\":\"https:\/\/durablade.biz\/pb\/?s={search_term_string}\"},\"query-input\":{\"@type\":\"PropertyValueSpecification\",\"valueRequired\":true,\"valueName\":\"search_term_string\"}}],\"inLanguage\":\"de\"}]}<\/script>\n<!-- \/ Yoast SEO plugin. -->","yoast_head_json":{"title":"SHARP HI PLATINUM DURABLADE SWISS QUALITY DOUBLE EDGE RAZOR BLADE 5 PCS - Durablade double edge razor blade","description":"Sharp Hi platinum double edge razor blades is premium quality shaving blade. This blades is specially made for multiple shave and professional barber.","robots":{"index":"index","follow":"follow","max-snippet":"max-snippet:-1","max-image-preview":"max-image-preview:large","max-video-preview":"max-video-preview:-1"},"canonical":"https:\/\/durablade.biz\/product\/sharp-hi-platinum-durablade-swiss-quality-double-edge-razor-blade-5-pcs\/","og_locale":"de_DE","og_type":"article","og_title":"SHARP HI PLATINUM DURABLADE SWISS QUALITY DOUBLE EDGE RAZOR BLADE 5 PCS - Durablade double edge razor blade","og_description":"Sharp Hi platinum double edge razor blades is premium quality shaving blade. This blades is specially made for multiple shave and professional barber.","og_url":"https:\/\/durablade.biz\/product\/sharp-hi-platinum-durablade-swiss-quality-double-edge-razor-blade-5-pcs\/","og_site_name":"Durablade double edge razor blade","article_publisher":"https:\/\/www.facebook.com\/durablade","article_modified_time":"2023-01-16T11:36:36+00:00","og_image":[{"width":500,"height":500,"url":"https:\/\/durablade.biz\/wp-content\/uploads\/2019\/05\/SHARP-HP-DE-CHQ-T5-PRODUCT.jpg","type":"image\/jpeg"}],"twitter_card":"summary_large_image","twitter_site":"@durablade","twitter_misc":{"Gesch\u00e4tzte Lesezeit":"5\u00a0Minuten"},"schema":{"@context":"https:\/\/schema.org","@graph":[{"@type":"WebPage","@id":"https:\/\/durablade.biz\/product\/sharp-hi-platinum-durablade-swiss-quality-double-edge-razor-blade-5-pcs\/","url":"https:\/\/durablade.biz\/product\/sharp-hi-platinum-durablade-swiss-quality-double-edge-razor-blade-5-pcs\/","name":"SHARP HI PLATINUM DURABLADE SWISS QUALITY DOUBLE EDGE RAZOR BLADE 5 PCS - Durablade double edge razor blade","isPartOf":{"@id":"https:\/\/durablade.biz\/pb\/#website"},"primaryImageOfPage":{"@id":"https:\/\/durablade.biz\/product\/sharp-hi-platinum-durablade-swiss-quality-double-edge-razor-blade-5-pcs\/#primaryimage"},"image":{"@id":"https:\/\/durablade.biz\/product\/sharp-hi-platinum-durablade-swiss-quality-double-edge-razor-blade-5-pcs\/#primaryimage"},"thumbnailUrl":"https:\/\/durablade.biz\/wp-content\/uploads\/2019\/05\/SHARP-HP-DE-CHQ-T5-PRODUCT.jpg","datePublished":"2018-01-04T09:15:39+00:00","dateModified":"2023-01-16T11:36:36+00:00","description":"Sharp Hi platinum double edge razor blades is premium quality shaving blade. This blades is specially made for multiple shave and professional barber.","breadcrumb":{"@id":"https:\/\/durablade.biz\/product\/sharp-hi-platinum-durablade-swiss-quality-double-edge-razor-blade-5-pcs\/#breadcrumb"},"inLanguage":"de","potentialAction":[{"@type":"ReadAction","target":["https:\/\/durablade.biz\/product\/sharp-hi-platinum-durablade-swiss-quality-double-edge-razor-blade-5-pcs\/"]}]},{"@type":"ImageObject","inLanguage":"de","@id":"https:\/\/durablade.biz\/product\/sharp-hi-platinum-durablade-swiss-quality-double-edge-razor-blade-5-pcs\/#primaryimage","url":"https:\/\/durablade.biz\/wp-content\/uploads\/2019\/05\/SHARP-HP-DE-CHQ-T5-PRODUCT.jpg","contentUrl":"https:\/\/durablade.biz\/wp-content\/uploads\/2019\/05\/SHARP-HP-DE-CHQ-T5-PRODUCT.jpg","width":500,"height":500,"caption":"SHARP HI PLATINUM DURABLADE SWISS QUALITY DOUBLE EDGE RAZOR BLADE 5 PCS"},{"@type":"BreadcrumbList","@id":"https:\/\/durablade.biz\/product\/sharp-hi-platinum-durablade-swiss-quality-double-edge-razor-blade-5-pcs\/#breadcrumb","itemListElement":[{"@type":"ListItem","position":1,"name":"Home","item":"https:\/\/durablade.biz\/"},{"@type":"ListItem","position":2,"name":"Shop","item":"https:\/\/durablade.biz\/pb\/shop\/"},{"@type":"ListItem","position":3,"name":"SHARP HI PLATINUM DURABLADE SWISS QUALITY DOUBLE EDGE RAZOR BLADE 5 PCS"}]},{"@type":"WebSite","@id":"https:\/\/durablade.biz\/pb\/#website","url":"https:\/\/durablade.biz\/pb\/","name":"Durablade double edge razor blade","description":"Professional shaving blades","potentialAction":[{"@type":"SearchAction","target":{"@type":"EntryPoint","urlTemplate":"https:\/\/durablade.biz\/pb\/?s={search_term_string}"},"query-input":{"@type":"PropertyValueSpecification","valueRequired":true,"valueName":"search_term_string"}}],"inLanguage":"de"}]}},"_links":{"self":[{"href":"https:\/\/durablade.biz\/de\/wp-json\/wp\/v2\/product\/634","targetHints":{"allow":["GET"]}}],"collection":[{"href":"https:\/\/durablade.biz\/de\/wp-json\/wp\/v2\/product"}],"about":[{"href":"https:\/\/durablade.biz\/de\/wp-json\/wp\/v2\/types\/product"}],"replies":[{"embeddable":true,"href":"https:\/\/durablade.biz\/de\/wp-json\/wp\/v2\/comments?post=634"}],"wp:featuredmedia":[{"embeddable":true,"href":"https:\/\/durablade.biz\/de\/wp-json\/wp\/v2\/media\/1674"}],"wp:attachment":[{"href":"https:\/\/durablade.biz\/de\/wp-json\/wp\/v2\/media?parent=634"}],"wp:term":[{"taxonomy":"product_brand","embeddable":true,"href":"https:\/\/durablade.biz\/de\/wp-json\/wp\/v2\/product_brand?post=634"},{"taxonomy":"product_cat","embeddable":true,"href":"https:\/\/durablade.biz\/de\/wp-json\/wp\/v2\/product_cat?post=634"},{"taxonomy":"product_tag","embeddable":true,"href":"https:\/\/durablade.biz\/de\/wp-json\/wp\/v2\/product_tag?post=634"}],"curies":[{"name":"wp","href":"https:\/\/api.w.org\/{rel}","templated":true}]}}