{"id":2560,"date":"2017-08-26T07:00:05","date_gmt":"2017-08-26T07:00:05","guid":{"rendered":"http:\/\/durablade.biz?page_id=8"},"modified":"2022-05-16T15:07:16","modified_gmt":"2022-05-16T09:07:16","slug":"double-edge-razor-blades","status":"publish","type":"page","link":"https:\/\/durablade.biz\/de\/","title":{"rendered":"Home page"},"content":{"rendered":"<p>[vc_row][vc_column width=&#8221;1\/4&#8243;][rev_slider_vc alias=&#8221;sharp&#8221;][rev_slider_vc alias=&#8221;champion&#8221;][\/vc_column][vc_column width=&#8221;1\/2&#8243;][rev_slider_vc alias=&#8221;durablade&#8221;][\/vc_column][vc_column width=&#8221;1\/4&#8243;][rev_slider_vc alias=&#8221;loi&#8221;][rev_slider_vc alias=&#8221;abest&#8221;][\/vc_column][\/vc_row][vc_row][vc_column width=&#8221;1\/4&#8243;][rev_slider_vc alias=&#8221;clifton&#8221;][vc_single_image image=&#8221;55&#8243; img_size=&#8221;large&#8221;][\/vc_column][vc_column width=&#8221;1\/2&#8243;][vc_custom_heading text=&#8221;THE BEST SHAVING BLADES FOR PROFESSIONAL BARBERS&#8221; font_container=&#8221;tag:h4|text_align:center|color:%23ffffff&#8221; use_theme_fonts=&#8221;yes&#8221; css=&#8221;.vc_custom_1556777640572{background-color: #ff0000 !important;}&#8221;][vc_column_text]Sehr geehrter Kunde,<br \/>\nWillkommen auf der Online-E-Commerce-Website von Durablade!<br \/>\nDie Marke Swiss Quality Durablade ist bekannt f\u00fcr ihre Geschmeidigkeit und ihren Rasierkomfort. Klingen, die Ihre Haut ohne Schnitte und Rasurverletzungen respektieren und lange halten, was die Kosten pro Rasur senkt.<br \/>\nMehr als 60 Millionen Menschen auf der ganzen Welt rasieren sich jeden Monat mit Durablades und wir rasieren jedes Jahr \u00fcber eine Milliarde Gesichter. Es ist wirklich das beste professionelle Rasiermesser auf dem Markt.<br \/>\n<span style=\"color: #333333;\">Zu den Durablade-Marken geh\u00f6ren unsere ber\u00fchmten Marken Sharp, Champion, Abest, Clifton und LOI, die im Besitz von SRBIL sind und von SRBIL hergestellt werden. Samah Razor Blades Industries Ltd ist ein weltweit f\u00fchrendes Unternehmen f\u00fcr Rasierklingen.<br \/>\nWir begr\u00fc\u00dfen Menschen auf der ganzen Welt, um hochwertige Rasierklingen auszuprobieren, die nach einer strengen sozialvertr\u00e4glichen Richtlinie mit einer Null-Abfall-Richtlinie hergestellt und direkt an Sie geliefert werden. Bitte kontaktieren Sie uns unter quotations@durablade.biz oder WhatsApp unter +41796203532 aus den USA \/ Europa oder +8801819241111 aus Afrika \/ Asien.<\/span><\/p>\n<p><span style=\"color: #333333;\"><img loading=\"lazy\" decoding=\"async\" class=\"alignnone size-full wp-image-59\" src=\"https:\/\/durablade.biz\/wp-content\/uploads\/2019\/05\/signature.png\" alt=\"\" width=\"150\" height=\"50\" \/><\/span><\/p>\n<p><span style=\"color: #333333;\">Saleem Sattar<\/span><br \/>\n<span style=\"color: #333333;\">Director &amp; Partner<\/span><br \/>\n<span style=\"color: #333333;\">Samah Razor Blades Industries Ltd.<\/span>[\/vc_column_text][\/vc_column][vc_column width=&#8221;1\/4&#8243;][vc_single_image image=&#8221;52&#8243; img_size=&#8221;large&#8221; alignment=&#8221;center&#8221; onclick=&#8221;custom_link&#8221; img_link_target=&#8221;_blank&#8221; link=&#8221;https:\/\/www.facebook.com\/durablade&#8221;][vc_single_image image=&#8221;53&#8243; img_size=&#8221;large&#8221; alignment=&#8221;center&#8221;][\/vc_column][\/vc_row][vc_row][vc_column][vc_custom_heading text=&#8221;THE BEST SHAVING BLADES FOR PROFESSIONAL BARBERS&#8221; font_container=&#8221;tag:h2|text_align:center|color:%23ffffff&#8221; use_theme_fonts=&#8221;yes&#8221; css=&#8221;.vc_custom_1556779789206{background-color: #ff0000 !important;}&#8221;][vc_single_image image=&#8221;70&#8243; img_size=&#8221;medium&#8221; alignment=&#8221;center&#8221;][vc_column_text][wa-wps id=&#8217;2257&#8242;][\/vc_column_text][vc_column_text][wa-wps id=&#8217;2267&#8242;][\/vc_column_text][vc_column_text][wa-wps id=&#8217;2270&#8242;][\/vc_column_text][vc_column_text][wa-wps id=&#8217;2273&#8242;][\/vc_column_text][\/vc_column][\/vc_row][vc_row][vc_column][vc_custom_heading text=&#8221;THE BEST SHAVING BLADES FOR PROFESSIONAL BARBERS&#8221; font_container=&#8221;tag:h2|text_align:center|color:%23ffffff&#8221; use_theme_fonts=&#8221;yes&#8221; css=&#8221;.vc_custom_1556779789206{background-color: #ff0000 !important;}&#8221;][vc_single_image image=&#8221;67&#8243; img_size=&#8221;medium&#8221; alignment=&#8221;center&#8221;][vc_column_text][wa-wps id=&#8217;2277&#8242;][\/vc_column_text][\/vc_column][\/vc_row][vc_row][vc_column][vc_custom_heading text=&#8221;THE BEST SHAVING BLADES FOR PROFESSIONAL BARBERS&#8221; font_container=&#8221;tag:h2|text_align:center|color:%23ffffff&#8221; use_theme_fonts=&#8221;yes&#8221; css=&#8221;.vc_custom_1556779789206{background-color: #ff0000 !important;}&#8221;][vc_single_image image=&#8221;66&#8243; img_size=&#8221;medium&#8221; alignment=&#8221;center&#8221;][vc_column_text][wa-wps id=&#8217;2279&#8242;][\/vc_column_text][\/vc_column][\/vc_row][vc_row][vc_column][vc_custom_heading text=&#8221;THE BEST SHAVING BLADES FOR PROFESSIONAL BARBERS&#8221; font_container=&#8221;tag:h2|text_align:center|color:%23ffffff&#8221; use_theme_fonts=&#8221;yes&#8221; css=&#8221;.vc_custom_1556779789206{background-color: #ff0000 !important;}&#8221;][vc_single_image image=&#8221;69&#8243; img_size=&#8221;medium&#8221; alignment=&#8221;center&#8221;][vc_column_text][wa-wps id=&#8217;2281&#8242;][\/vc_column_text][\/vc_column][\/vc_row][vc_row][vc_column][vc_custom_heading text=&#8221;THE BEST SHAVING BLADES FOR PROFESSIONAL BARBERS&#8221; font_container=&#8221;tag:h2|text_align:center|color:%23ffffff&#8221; use_theme_fonts=&#8221;yes&#8221; css=&#8221;.vc_custom_1556779789206{background-color: #ff0000 !important;}&#8221;][vc_single_image image=&#8221;68&#8243; img_size=&#8221;medium&#8221; alignment=&#8221;center&#8221;][vc_column_text][wa-wps id=&#8217;2282&#8242;][\/vc_column_text][\/vc_column][\/vc_row]<\/p>\n","protected":false},"excerpt":{"rendered":"<p>[vc_row][vc_column width=&#8221;1\/4&#8243;][rev_slider_vc alias=&#8221;sharp&#8221;][rev_slider_vc alias=&#8221;champion&#8221;][\/vc_column][vc_column width=&#8221;1\/2&#8243;][rev_slider_vc alias=&#8221;durablade&#8221;][\/vc_column][vc_column width=&#8221;1\/4&#8243;][rev_slider_vc alias=&#8221;loi&#8221;][rev_slider_vc alias=&#8221;abest&#8221;][\/vc_column][\/vc_row][vc_row][vc_column width=&#8221;1\/4&#8243;][rev_slider_vc alias=&#8221;clifton&#8221;][vc_single_image image=&#8221;55&#8243; img_size=&#8221;large&#8221;][\/vc_column][vc_column width=&#8221;1\/2&#8243;][vc_custom_heading text=&#8221;THE BEST SHAVING BLADES FOR PROFESSIONAL BARBERS&#8221; font_container=&#8221;tag:h4|text_align:center|color:%23ffffff&#8221; use_theme_fonts=&#8221;yes&#8221; css=&#8221;.vc_custom_1556777640572{background-color: #ff0000 !important;}&#8221;][vc_column_text]Sehr geehrter Kunde, Willkommen auf der Online-E-Commerce-Website von Durablade! Die Marke Swiss Quality Durablade ist bekannt f\u00fcr ihre Geschmeidigkeit und ihren Rasierkomfort. Klingen, die Ihre Haut ohne Schnitte und Rasurverletzungen [&hellip;]<\/p>\n","protected":false},"author":1,"featured_media":0,"parent":0,"menu_order":0,"comment_status":"closed","ping_status":"closed","template":"","meta":{"footnotes":""},"class_list":["post-2560","page","type-page","status-publish","hentry"],"yoast_head":"<!-- This site is optimized with the Yoast SEO plugin v24.4 - https:\/\/yoast.com\/wordpress\/plugins\/seo\/ -->\n<title>Best double edge safety razor shaving blades | Durablade Swiss Quality<\/title>\n<meta name=\"description\" content=\"Durablade swiss quality Best double edge safety razor shaving blades for sensitive skin manufacturers and re-sellers and exporter\" \/>\n<meta name=\"robots\" content=\"index, follow, max-snippet:-1, max-image-preview:large, max-video-preview:-1\" \/>\n<link rel=\"canonical\" href=\"https:\/\/durablade.biz\/\" \/>\n<meta property=\"og:locale\" content=\"de_DE\" \/>\n<meta property=\"og:type\" content=\"article\" \/>\n<meta property=\"og:title\" content=\"Best double edge safety razor shaving blades | Durablade Swiss Quality\" \/>\n<meta property=\"og:description\" content=\"Durablade swiss quality Best double edge safety razor shaving blades for sensitive skin manufacturers and re-sellers and exporter\" \/>\n<meta property=\"og:url\" content=\"https:\/\/durablade.biz\/\" \/>\n<meta property=\"og:site_name\" content=\"Durablade double edge razor blade\" \/>\n<meta property=\"article:publisher\" content=\"https:\/\/www.facebook.com\/durablade\" \/>\n<meta property=\"article:modified_time\" content=\"2022-05-16T09:07:16+00:00\" \/>\n<meta property=\"og:image\" content=\"https:\/\/durablade.biz\/wp-content\/uploads\/2019\/05\/signature.png\" \/>\n<meta name=\"twitter:card\" content=\"summary_large_image\" \/>\n<meta name=\"twitter:site\" content=\"@durablade\" \/>\n<meta name=\"twitter:label1\" content=\"Gesch\u00e4tzte Lesezeit\" \/>\n\t<meta name=\"twitter:data1\" content=\"2\u00a0Minuten\" \/>\n<script type=\"application\/ld+json\" class=\"yoast-schema-graph\">{\"@context\":\"https:\/\/schema.org\",\"@graph\":[{\"@type\":\"WebPage\",\"@id\":\"https:\/\/durablade.biz\/\",\"url\":\"https:\/\/durablade.biz\/\",\"name\":\"Best double edge safety razor shaving blades | Durablade Swiss Quality\",\"isPartOf\":{\"@id\":\"https:\/\/durablade.biz\/pb\/#website\"},\"primaryImageOfPage\":{\"@id\":\"https:\/\/durablade.biz\/#primaryimage\"},\"image\":{\"@id\":\"https:\/\/durablade.biz\/#primaryimage\"},\"thumbnailUrl\":\"https:\/\/durablade.biz\/wp-content\/uploads\/2019\/05\/signature.png\",\"datePublished\":\"2017-08-26T07:00:05+00:00\",\"dateModified\":\"2022-05-16T09:07:16+00:00\",\"description\":\"Durablade swiss quality Best double edge safety razor shaving blades for sensitive skin manufacturers and re-sellers and exporter\",\"breadcrumb\":{\"@id\":\"https:\/\/durablade.biz\/#breadcrumb\"},\"inLanguage\":\"de\",\"potentialAction\":[{\"@type\":\"ReadAction\",\"target\":[\"https:\/\/durablade.biz\/\"]}]},{\"@type\":\"ImageObject\",\"inLanguage\":\"de\",\"@id\":\"https:\/\/durablade.biz\/#primaryimage\",\"url\":\"https:\/\/durablade.biz\/wp-content\/uploads\/2019\/05\/signature.png\",\"contentUrl\":\"https:\/\/durablade.biz\/wp-content\/uploads\/2019\/05\/signature.png\"},{\"@type\":\"BreadcrumbList\",\"@id\":\"https:\/\/durablade.biz\/#breadcrumb\",\"itemListElement\":[{\"@type\":\"ListItem\",\"position\":1,\"name\":\"Home\",\"item\":\"https:\/\/durablade.biz\/\"},{\"@type\":\"ListItem\",\"position\":2,\"name\":\"Home page\"}]},{\"@type\":\"WebSite\",\"@id\":\"https:\/\/durablade.biz\/pb\/#website\",\"url\":\"https:\/\/durablade.biz\/pb\/\",\"name\":\"Durablade double edge razor blade\",\"description\":\"Professional shaving blades\",\"potentialAction\":[{\"@type\":\"SearchAction\",\"target\":{\"@type\":\"EntryPoint\",\"urlTemplate\":\"https:\/\/durablade.biz\/pb\/?s={search_term_string}\"},\"query-input\":{\"@type\":\"PropertyValueSpecification\",\"valueRequired\":true,\"valueName\":\"search_term_string\"}}],\"inLanguage\":\"de\"}]}<\/script>\n<!-- \/ Yoast SEO plugin. -->","yoast_head_json":{"title":"Best double edge safety razor shaving blades | Durablade Swiss Quality","description":"Durablade swiss quality Best double edge safety razor shaving blades for sensitive skin manufacturers and re-sellers and exporter","robots":{"index":"index","follow":"follow","max-snippet":"max-snippet:-1","max-image-preview":"max-image-preview:large","max-video-preview":"max-video-preview:-1"},"canonical":"https:\/\/durablade.biz\/","og_locale":"de_DE","og_type":"article","og_title":"Best double edge safety razor shaving blades | Durablade Swiss Quality","og_description":"Durablade swiss quality Best double edge safety razor shaving blades for sensitive skin manufacturers and re-sellers and exporter","og_url":"https:\/\/durablade.biz\/","og_site_name":"Durablade double edge razor blade","article_publisher":"https:\/\/www.facebook.com\/durablade","article_modified_time":"2022-05-16T09:07:16+00:00","og_image":[{"url":"https:\/\/durablade.biz\/wp-content\/uploads\/2019\/05\/signature.png","type":"","width":"","height":""}],"twitter_card":"summary_large_image","twitter_site":"@durablade","twitter_misc":{"Gesch\u00e4tzte Lesezeit":"2\u00a0Minuten"},"schema":{"@context":"https:\/\/schema.org","@graph":[{"@type":"WebPage","@id":"https:\/\/durablade.biz\/","url":"https:\/\/durablade.biz\/","name":"Best double edge safety razor shaving blades | Durablade Swiss Quality","isPartOf":{"@id":"https:\/\/durablade.biz\/pb\/#website"},"primaryImageOfPage":{"@id":"https:\/\/durablade.biz\/#primaryimage"},"image":{"@id":"https:\/\/durablade.biz\/#primaryimage"},"thumbnailUrl":"https:\/\/durablade.biz\/wp-content\/uploads\/2019\/05\/signature.png","datePublished":"2017-08-26T07:00:05+00:00","dateModified":"2022-05-16T09:07:16+00:00","description":"Durablade swiss quality Best double edge safety razor shaving blades for sensitive skin manufacturers and re-sellers and exporter","breadcrumb":{"@id":"https:\/\/durablade.biz\/#breadcrumb"},"inLanguage":"de","potentialAction":[{"@type":"ReadAction","target":["https:\/\/durablade.biz\/"]}]},{"@type":"ImageObject","inLanguage":"de","@id":"https:\/\/durablade.biz\/#primaryimage","url":"https:\/\/durablade.biz\/wp-content\/uploads\/2019\/05\/signature.png","contentUrl":"https:\/\/durablade.biz\/wp-content\/uploads\/2019\/05\/signature.png"},{"@type":"BreadcrumbList","@id":"https:\/\/durablade.biz\/#breadcrumb","itemListElement":[{"@type":"ListItem","position":1,"name":"Home","item":"https:\/\/durablade.biz\/"},{"@type":"ListItem","position":2,"name":"Home page"}]},{"@type":"WebSite","@id":"https:\/\/durablade.biz\/pb\/#website","url":"https:\/\/durablade.biz\/pb\/","name":"Durablade double edge razor blade","description":"Professional shaving blades","potentialAction":[{"@type":"SearchAction","target":{"@type":"EntryPoint","urlTemplate":"https:\/\/durablade.biz\/pb\/?s={search_term_string}"},"query-input":{"@type":"PropertyValueSpecification","valueRequired":true,"valueName":"search_term_string"}}],"inLanguage":"de"}]}},"_links":{"self":[{"href":"https:\/\/durablade.biz\/de\/wp-json\/wp\/v2\/pages\/2560","targetHints":{"allow":["GET"]}}],"collection":[{"href":"https:\/\/durablade.biz\/de\/wp-json\/wp\/v2\/pages"}],"about":[{"href":"https:\/\/durablade.biz\/de\/wp-json\/wp\/v2\/types\/page"}],"author":[{"embeddable":true,"href":"https:\/\/durablade.biz\/de\/wp-json\/wp\/v2\/users\/1"}],"replies":[{"embeddable":true,"href":"https:\/\/durablade.biz\/de\/wp-json\/wp\/v2\/comments?post=2560"}],"version-history":[{"count":30,"href":"https:\/\/durablade.biz\/de\/wp-json\/wp\/v2\/pages\/2560\/revisions"}],"predecessor-version":[{"id":3287,"href":"https:\/\/durablade.biz\/de\/wp-json\/wp\/v2\/pages\/2560\/revisions\/3287"}],"wp:attachment":[{"href":"https:\/\/durablade.biz\/de\/wp-json\/wp\/v2\/media?parent=2560"}],"curies":[{"name":"wp","href":"https:\/\/api.w.org\/{rel}","templated":true}]}}